{"id":46104,"date":"2026-03-10T13:05:29","date_gmt":"2026-03-10T10:05:29","guid":{"rendered":"https:\/\/amaldis.md\/product\/manusi-de-box-amaldis-rosii-14-oz-4244\/"},"modified":"2026-03-10T13:08:23","modified_gmt":"2026-03-10T10:08:23","slug":"manusi-de-box-amaldis-rosii-14-oz-4244","status":"publish","type":"product","link":"https:\/\/amaldis.md\/ro\/produs\/manusi-de-box-amaldis-rosii-14-oz-4244\/","title":{"rendered":"M\u0103nu\u0219i de box AMALDIS ro\u0219ii, 14 oz, 4244"},"content":{"rendered":"<h4>M\u0103nu\u0219i de box AMALDIS ro\u0219ii, 14 oz, 4244<\/h4>\n<p>M\u0103nu\u0219ile de box AMALDIS sunt echipamente fiabile pentru antrenament, sparring \u0219i saci de box. Sunt concepute pentru sportivii care apreciaz\u0103 confortul, protec\u021bia \u0219i \u00eencrederea \u00een fiecare lovitur\u0103.<br \/>\nM\u0103nu\u0219ile au o form\u0103 anatomic\u0103 care sus\u021bine corespunz\u0103tor m\u00e2na \u0219i reduce stresul asupra articula\u021biilor. C\u0103ptu\u0219eala dens\u0103, care absoarbe \u0219ocurile, absoarbe eficient impactul, protej\u00e2nd m\u00e2na \u0219i partenerul \u00een timpul antrenamentului.<br \/>\nMaterialul exterior durabil este rezistent la uzur\u0103, iar \u00eenchiderea convenabil\u0103 cu velcro fixeaz\u0103 \u00een siguran\u021b\u0103 \u00eencheietura m\u00e2inii \u0219i permite \u00eembr\u0103carea \u0219i desc\u0103l\u021barea rapid\u0103.<br \/>\nPotrivite at\u00e2t pentru \u00eencep\u0103tori, c\u00e2t \u0219i pentru sportivii care se antreneaz\u0103 \u00een mod regulat \u00een box sau alte arte mar\u021biale de lovire.<br \/>\n\u2714 Absorb\u021bie bun\u0103 a \u0219ocurilor<br \/>\n\u2714 Suport sigur pentru \u00eencheietura m\u00e2inii<br \/>\n\u2714 Potrivire confortabil\u0103<br \/>\n\u2714 Design elegant \u0219i sportiv <\/p>\n","protected":false},"excerpt":{"rendered":"<h3>M\u0103nu\u0219i de box AMALDIS ro\u0219ii, 14 oz, 4244<\/h3>\n","protected":false},"featured_media":46099,"comment_status":"open","ping_status":"closed","template":"","meta":{"_et_pb_use_builder":"","_et_pb_old_content":"","_et_gb_content_width":""},"product_brand":[1390],"product_cat":[663,656],"product_tag":[851,963,1348,1397,1323,1354,1335,1398],"class_list":{"0":"post-46104","1":"product","2":"type-product","3":"status-publish","4":"has-post-thumbnail","6":"product_brand-amaldis","7":"product_cat-arte-martiale","8":"product_cat-box","9":"product_tag-box","10":"product_tag-kickboxing","11":"product_tag-lupta-ro","12":"product_tag-manusi-de-box-ro","13":"product_tag-sala","14":"product_tag-sparring","15":"product_tag-sport-ro","16":"product_tag-sportul-moldovei","18":"first","19":"instock","20":"shipping-taxable","21":"purchasable","22":"product-type-simple"},"aioseo_notices":[],"_links":{"self":[{"href":"https:\/\/amaldis.md\/ro\/wp-json\/wp\/v2\/product\/46104","targetHints":{"allow":["GET"]}}],"collection":[{"href":"https:\/\/amaldis.md\/ro\/wp-json\/wp\/v2\/product"}],"about":[{"href":"https:\/\/amaldis.md\/ro\/wp-json\/wp\/v2\/types\/product"}],"replies":[{"embeddable":true,"href":"https:\/\/amaldis.md\/ro\/wp-json\/wp\/v2\/comments?post=46104"}],"wp:featuredmedia":[{"embeddable":true,"href":"https:\/\/amaldis.md\/ro\/wp-json\/wp\/v2\/media\/46099"}],"wp:attachment":[{"href":"https:\/\/amaldis.md\/ro\/wp-json\/wp\/v2\/media?parent=46104"}],"wp:term":[{"taxonomy":"product_brand","embeddable":true,"href":"https:\/\/amaldis.md\/ro\/wp-json\/wp\/v2\/product_brand?post=46104"},{"taxonomy":"product_cat","embeddable":true,"href":"https:\/\/amaldis.md\/ro\/wp-json\/wp\/v2\/product_cat?post=46104"},{"taxonomy":"product_tag","embeddable":true,"href":"https:\/\/amaldis.md\/ro\/wp-json\/wp\/v2\/product_tag?post=46104"}],"curies":[{"name":"wp","href":"https:\/\/api.w.org\/{rel}","templated":true}]}}