{"id":46159,"date":"2026-03-12T16:46:11","date_gmt":"2026-03-12T13:46:11","guid":{"rendered":"https:\/\/amaldis.md\/product\/manusi-de-box-pu-amaldis-albastre-10-oz-6023\/"},"modified":"2026-03-12T16:46:11","modified_gmt":"2026-03-12T13:46:11","slug":"manusi-de-box-pu-amaldis-albastre-10-oz-6023","status":"publish","type":"product","link":"https:\/\/amaldis.md\/ro\/produs\/manusi-de-box-pu-amaldis-albastre-10-oz-6023\/","title":{"rendered":"M\u0103nu\u0219i de box PU Amaldis albastre 10 oz 6023"},"content":{"rendered":"<h4><span data-sheets-root=\"1\">M\u0103nu\u0219i de box PU Amaldis albastre 10 oz 6023<\/span><\/h4>\n<p>M\u0103nu\u0219i de box Amaldis de \u00eenalt\u0103 calitate pentru antrenament de box \u0219i arte mar\u021biale. Materialul durabil \u0219i rezistent la uzur\u0103 asigur\u0103 o purtare de lung\u0103 durat\u0103, \u00een timp ce c\u0103ptu\u0219eala multistrat absoarbe eficient \u0219ocurile \u0219i protejeaz\u0103 m\u00e2inile.  Forma anatomic\u0103 \u0219i fixarea sigur\u0103 cu velcro la \u00eencheietura m\u00e2inii asigur\u0103 o potrivire confortabil\u0103 \u0219i un suport stabil pentru m\u00e2n\u0103.<br \/>\nPotrivit pentru saci de box, pad-uri \u0219i sparring. O alegere excelent\u0103 at\u00e2t pentru \u00eencep\u0103tori, c\u00e2t \u0219i pentru sportivi experimenta\u021bi. <\/p>\n","protected":false},"excerpt":{"rendered":"<h3><span data-sheets-root=\"1\">M\u0103nu\u0219i de box PU Amaldis albastre 10 oz 6023<\/span><\/h3>\n","protected":false},"featured_media":46108,"comment_status":"open","ping_status":"closed","template":"","meta":{"_et_pb_use_builder":"","_et_pb_old_content":"","_et_gb_content_width":""},"product_brand":[1390],"product_cat":[663,656],"product_tag":[842,851,1404,963,1084,1342,1354,1335],"class_list":{"0":"post-46159","1":"product","2":"type-product","3":"status-publish","4":"has-post-thumbnail","6":"product_brand-amaldis","7":"product_cat-arte-martiale","8":"product_cat-box","9":"product_tag-arte-martiale","10":"product_tag-box","11":"product_tag-box-moldova","12":"product_tag-kickboxing","13":"product_tag-lupta","14":"product_tag-moldova-ro","15":"product_tag-sparring","16":"product_tag-sport-ro","18":"first","19":"instock","20":"shipping-taxable","21":"purchasable","22":"product-type-simple"},"aioseo_notices":[],"_links":{"self":[{"href":"https:\/\/amaldis.md\/ro\/wp-json\/wp\/v2\/product\/46159","targetHints":{"allow":["GET"]}}],"collection":[{"href":"https:\/\/amaldis.md\/ro\/wp-json\/wp\/v2\/product"}],"about":[{"href":"https:\/\/amaldis.md\/ro\/wp-json\/wp\/v2\/types\/product"}],"replies":[{"embeddable":true,"href":"https:\/\/amaldis.md\/ro\/wp-json\/wp\/v2\/comments?post=46159"}],"wp:featuredmedia":[{"embeddable":true,"href":"https:\/\/amaldis.md\/ro\/wp-json\/wp\/v2\/media\/46108"}],"wp:attachment":[{"href":"https:\/\/amaldis.md\/ro\/wp-json\/wp\/v2\/media?parent=46159"}],"wp:term":[{"taxonomy":"product_brand","embeddable":true,"href":"https:\/\/amaldis.md\/ro\/wp-json\/wp\/v2\/product_brand?post=46159"},{"taxonomy":"product_cat","embeddable":true,"href":"https:\/\/amaldis.md\/ro\/wp-json\/wp\/v2\/product_cat?post=46159"},{"taxonomy":"product_tag","embeddable":true,"href":"https:\/\/amaldis.md\/ro\/wp-json\/wp\/v2\/product_tag?post=46159"}],"curies":[{"name":"wp","href":"https:\/\/api.w.org\/{rel}","templated":true}]}}