{"id":46164,"date":"2026-03-12T17:13:43","date_gmt":"2026-03-12T14:13:43","guid":{"rendered":"https:\/\/amaldis.md\/product\/manusi-de-box-amaldis-pu-albastre-6-oz-6021\/"},"modified":"2026-03-12T17:13:43","modified_gmt":"2026-03-12T14:13:43","slug":"manusi-de-box-amaldis-pu-albastre-6-oz-6021","status":"publish","type":"product","link":"https:\/\/amaldis.md\/ro\/produs\/manusi-de-box-amaldis-pu-albastre-6-oz-6021\/","title":{"rendered":"M\u0103nu\u0219i de box AMALDIS PU, albastre, 6 OZ, 6021"},"content":{"rendered":"<h4><span data-sheets-root=\"1\">\u041f\u0435\u0440\u0447\u0430\u0442\u043a\u0438 \u0431\u043e\u043a\u0441 PU AMALDIS \u0421\u0418\u041d\u0418\u0415 6 OZ 6021<\/span><\/h4>\n<p>M\u0103nu\u0219i de box Amaldis de \u00eenalt\u0103 calitate pentru antrenament de box \u0219i arte mar\u021biale. Materialul durabil \u0219i rezistent la uzur\u0103 asigur\u0103 o purtare de lung\u0103 durat\u0103, \u00een timp ce c\u0103ptu\u0219eala multistrat absoarbe eficient \u0219ocurile \u0219i protejeaz\u0103 m\u00e2inile.  Forma anatomic\u0103 \u0219i fixarea sigur\u0103 cu velcro la \u00eencheietura m\u00e2inii asigur\u0103 o potrivire confortabil\u0103 \u0219i un suport stabil pentru m\u00e2n\u0103.<br \/>\nPotrivit pentru saci de box, pad-uri \u0219i sparring. O alegere excelent\u0103 at\u00e2t pentru \u00eencep\u0103tori, c\u00e2t \u0219i pentru sportivi experimenta\u021bi. <\/p>\n","protected":false},"excerpt":{"rendered":"<h3><span data-sheets-root=\"1\">M\u0103nu\u0219i de box AMALDIS PU, albastre, 6 OZ, 6021<\/span><\/h3>\n","protected":false},"featured_media":46153,"comment_status":"open","ping_status":"closed","template":"","meta":{"_et_pb_use_builder":"","_et_pb_old_content":"","_et_gb_content_width":""},"product_brand":[1390],"product_cat":[663,656],"product_tag":[851,1084,834,1342,896,1338,1354,1335,1400],"class_list":{"0":"post-46164","1":"product","2":"type-product","3":"status-publish","4":"has-post-thumbnail","6":"product_brand-amaldis","7":"product_cat-arte-martiale","8":"product_cat-box","9":"product_tag-box","10":"product_tag-lupta","11":"product_tag-manusi","12":"product_tag-moldova-ro","13":"product_tag-panza","14":"product_tag-sala-de-gimnastica","15":"product_tag-sparring","16":"product_tag-sport-ro","17":"product_tag-sorevnovaniya-ro","19":"first","20":"instock","21":"shipping-taxable","22":"purchasable","23":"product-type-simple"},"aioseo_notices":[],"_links":{"self":[{"href":"https:\/\/amaldis.md\/ro\/wp-json\/wp\/v2\/product\/46164","targetHints":{"allow":["GET"]}}],"collection":[{"href":"https:\/\/amaldis.md\/ro\/wp-json\/wp\/v2\/product"}],"about":[{"href":"https:\/\/amaldis.md\/ro\/wp-json\/wp\/v2\/types\/product"}],"replies":[{"embeddable":true,"href":"https:\/\/amaldis.md\/ro\/wp-json\/wp\/v2\/comments?post=46164"}],"wp:featuredmedia":[{"embeddable":true,"href":"https:\/\/amaldis.md\/ro\/wp-json\/wp\/v2\/media\/46153"}],"wp:attachment":[{"href":"https:\/\/amaldis.md\/ro\/wp-json\/wp\/v2\/media?parent=46164"}],"wp:term":[{"taxonomy":"product_brand","embeddable":true,"href":"https:\/\/amaldis.md\/ro\/wp-json\/wp\/v2\/product_brand?post=46164"},{"taxonomy":"product_cat","embeddable":true,"href":"https:\/\/amaldis.md\/ro\/wp-json\/wp\/v2\/product_cat?post=46164"},{"taxonomy":"product_tag","embeddable":true,"href":"https:\/\/amaldis.md\/ro\/wp-json\/wp\/v2\/product_tag?post=46164"}],"curies":[{"name":"wp","href":"https:\/\/api.w.org\/{rel}","templated":true}]}}