{"id":46197,"date":"2026-03-14T13:32:21","date_gmt":"2026-03-14T10:32:21","guid":{"rendered":"https:\/\/amaldis.md\/product\/manusi-amaldis-rosii-de-kickboxing-10-oz-9500\/"},"modified":"2026-03-14T13:32:21","modified_gmt":"2026-03-14T10:32:21","slug":"manusi-amaldis-rosii-de-kickboxing-10-oz-9500","status":"publish","type":"product","link":"https:\/\/amaldis.md\/ro\/produs\/manusi-amaldis-rosii-de-kickboxing-10-oz-9500\/","title":{"rendered":"M\u0103nu\u0219i AMALDIS ro\u0219ii de kickboxing, 10 oz, 9500"},"content":{"rendered":"<h4>M\u0103nu\u0219i AMALDIS ro\u0219ii de kickboxing, 10 oz, 9500<\/h4>\n<p>M\u0103nu\u0219ile de box AMALDIS sunt echipamente fiabile pentru antrenament, sparring \u0219i saci de box. Sunt concepute pentru sportivii care apreciaz\u0103 confortul, protec\u021bia \u0219i \u00eencrederea \u00een fiecare lovitur\u0103.<br \/>\nM\u0103nu\u0219ile au o form\u0103 anatomic\u0103 care fixeaz\u0103 corect m\u00e2na \u0219i reduce solicitarea asupra articula\u021biilor. C\u0103ptu\u0219eala dens\u0103, care absoarbe eficient impactul, protej\u00e2nd \u00eencheietura m\u00e2inii \u0219i partenerul \u00een timpul antrenamentului.<br \/>\nPotrivit at\u00e2t pentru \u00eencep\u0103tori, c\u00e2t \u0219i pentru sportivii care se antreneaz\u0103 \u00een mod regulat \u00een box sau alte arte mar\u021biale de lovire.<br \/>\n\u2714 Absorb\u021bie bun\u0103 a \u0219ocurilor<br \/>\n\u2714 Suport sigur pentru \u00eencheietura m\u00e2inii<br \/>\n\u2714 Potrivire confortabil\u0103<br \/>\n\u2714 Design elegant \u0219i sportiv<\/p>\n","protected":false},"excerpt":{"rendered":"<h3>M\u0103nu\u0219i AMALDIS ro\u0219ii de kickboxing, 10 oz, 9500<\/h3>\n","protected":false},"featured_media":46193,"comment_status":"open","ping_status":"closed","template":"","meta":{"_et_pb_use_builder":"","_et_pb_old_content":"","_et_gb_content_width":""},"product_brand":[1390],"product_cat":[663,656],"product_tag":[851,963,1397,1406,1354,1335],"class_list":{"0":"post-46197","1":"product","2":"type-product","3":"status-publish","4":"has-post-thumbnail","6":"product_brand-amaldis","7":"product_cat-arte-martiale","8":"product_cat-box","9":"product_tag-box","10":"product_tag-kickboxing","11":"product_tag-manusi-de-box-ro","12":"product_tag-manusi-de-kickboxing","13":"product_tag-sparring","14":"product_tag-sport-ro","16":"first","17":"instock","18":"shipping-taxable","19":"purchasable","20":"product-type-simple"},"aioseo_notices":[],"_links":{"self":[{"href":"https:\/\/amaldis.md\/ro\/wp-json\/wp\/v2\/product\/46197","targetHints":{"allow":["GET"]}}],"collection":[{"href":"https:\/\/amaldis.md\/ro\/wp-json\/wp\/v2\/product"}],"about":[{"href":"https:\/\/amaldis.md\/ro\/wp-json\/wp\/v2\/types\/product"}],"replies":[{"embeddable":true,"href":"https:\/\/amaldis.md\/ro\/wp-json\/wp\/v2\/comments?post=46197"}],"wp:featuredmedia":[{"embeddable":true,"href":"https:\/\/amaldis.md\/ro\/wp-json\/wp\/v2\/media\/46193"}],"wp:attachment":[{"href":"https:\/\/amaldis.md\/ro\/wp-json\/wp\/v2\/media?parent=46197"}],"wp:term":[{"taxonomy":"product_brand","embeddable":true,"href":"https:\/\/amaldis.md\/ro\/wp-json\/wp\/v2\/product_brand?post=46197"},{"taxonomy":"product_cat","embeddable":true,"href":"https:\/\/amaldis.md\/ro\/wp-json\/wp\/v2\/product_cat?post=46197"},{"taxonomy":"product_tag","embeddable":true,"href":"https:\/\/amaldis.md\/ro\/wp-json\/wp\/v2\/product_tag?post=46197"}],"curies":[{"name":"wp","href":"https:\/\/api.w.org\/{rel}","templated":true}]}}