{"id":46233,"date":"2026-03-17T17:42:03","date_gmt":"2026-03-17T14:42:03","guid":{"rendered":"https:\/\/amaldis.md\/product\/lenjerie-termica-kipsta-suit\/"},"modified":"2026-03-17T18:04:01","modified_gmt":"2026-03-17T15:04:01","slug":"lenjerie-termica-kipsta-suit","status":"publish","type":"product","link":"https:\/\/amaldis.md\/ro\/produs\/lenjerie-termica-kipsta-suit\/","title":{"rendered":"Lenjerie termic\u0103 &#8211; KIPSTA SUIT"},"content":{"rendered":"<h4>\u0422\u0435\u0440\u043c\u043e\u0431\u0435\u043b\u044c\u0435 &#8211; KIPSTA SUIT<\/h4>\n<p>Lenjeria termic\u0103 Kipsta este stratul de baz\u0103 perfect pentru antrenament, recreere activ\u0103 \u0219i purtare zilnic\u0103 pe vreme rece. Setul (top cu m\u00e2nec\u0103 lung\u0103 \u0219i colan\u021bi) este confec\u021bionat dintr-un material elastic \u0219i respirabil, care elimin\u0103 eficient umezeala \u0219i re\u021bine c\u0103ldura.<br \/>\nMaterialul se muleaz\u0103 u\u0219or pe corp, asigur\u00e2nd libertate de mi\u0219care \u0219i confort maxim chiar \u0219i \u00een timpul exerci\u021biilor intense. Cus\u0103turile plate previn irita\u021biile, iar croiala anatomic\u0103 accentueaz\u0103 forma \u0219i asigur\u0103 o potrivire perfect\u0103.<br \/>Beneficii:<br \/>\nTermoreglare: men\u021bine c\u0103ldura \u0219i elimin\u0103 umezeala<br \/>\nElasticitate: potrivire perfect\u0103 f\u0103r\u0103 restric\u021bii<br \/>\nMaterial respirabil: confortabil pentru sport \u0219i purtare zilnic\u0103<br \/>\nCus\u0103turi plate: protejeaz\u0103 \u00eempotriva irita\u021biilor pielii<br \/>\nVersatilitate: potrivit pentru antrenament, fotbal, alergare \u0219i recreere activ\u0103 <\/p>\n","protected":false},"excerpt":{"rendered":"<h3>Lenjerie termic\u0103 &#8211; KIPSTA SUIT<\/h3>\n","protected":false},"featured_media":46232,"comment_status":"open","ping_status":"closed","template":"","meta":{"_et_pb_use_builder":"","_et_pb_old_content":"","_et_gb_content_width":""},"product_brand":[1412],"product_cat":[682,671],"product_tag":[879,1151,880,1416,896,1335,912,1418,1417],"class_list":{"0":"post-46233","1":"product","2":"type-product","3":"status-publish","4":"has-post-thumbnail","6":"product_brand-kipsta","7":"product_cat-fotbal","8":"product_cat-imbracaminte","9":"product_tag-a-stabilit","10":"product_tag-comprimare-ro-2","11":"product_tag-lenjerie-termica","12":"product_tag-pantaloni-ro","13":"product_tag-panza","14":"product_tag-sport-ro","15":"product_tag-termo-ro","16":"product_tag-kofta-ro","17":"product_tag-sport-odezhda-ro","19":"first","20":"instock","21":"sale","22":"shipping-taxable","23":"purchasable","24":"product-type-simple"},"aioseo_notices":[],"_links":{"self":[{"href":"https:\/\/amaldis.md\/ro\/wp-json\/wp\/v2\/product\/46233","targetHints":{"allow":["GET"]}}],"collection":[{"href":"https:\/\/amaldis.md\/ro\/wp-json\/wp\/v2\/product"}],"about":[{"href":"https:\/\/amaldis.md\/ro\/wp-json\/wp\/v2\/types\/product"}],"replies":[{"embeddable":true,"href":"https:\/\/amaldis.md\/ro\/wp-json\/wp\/v2\/comments?post=46233"}],"wp:featuredmedia":[{"embeddable":true,"href":"https:\/\/amaldis.md\/ro\/wp-json\/wp\/v2\/media\/46232"}],"wp:attachment":[{"href":"https:\/\/amaldis.md\/ro\/wp-json\/wp\/v2\/media?parent=46233"}],"wp:term":[{"taxonomy":"product_brand","embeddable":true,"href":"https:\/\/amaldis.md\/ro\/wp-json\/wp\/v2\/product_brand?post=46233"},{"taxonomy":"product_cat","embeddable":true,"href":"https:\/\/amaldis.md\/ro\/wp-json\/wp\/v2\/product_cat?post=46233"},{"taxonomy":"product_tag","embeddable":true,"href":"https:\/\/amaldis.md\/ro\/wp-json\/wp\/v2\/product_tag?post=46233"}],"curies":[{"name":"wp","href":"https:\/\/api.w.org\/{rel}","templated":true}]}}