{"id":46276,"date":"2026-03-18T13:40:26","date_gmt":"2026-03-18T10:40:26","guid":{"rendered":"https:\/\/amaldis.md\/product\/lenjerie-termica-kipsta-pentru-copii-cu-varsta-cuprinsa-intre-10-si-11-ani\/"},"modified":"2026-03-18T13:50:28","modified_gmt":"2026-03-18T10:50:28","slug":"lenjerie-termica-kipsta-pentru-copii-cu-varsta-cuprinsa-intre-10-si-11-ani","status":"publish","type":"product","link":"https:\/\/amaldis.md\/ro\/produs\/lenjerie-termica-kipsta-pentru-copii-cu-varsta-cuprinsa-intre-10-si-11-ani\/","title":{"rendered":"Lenjerie termic\u0103 KIPSTA pentru copii cu v\u00e2rsta cuprins\u0103 \u00eentre 10 \u0219i 11 ani"},"content":{"rendered":"<h4>Lenjerie termic\u0103 KIPSTA pentru copii cu v\u00e2rsta cuprins\u0103 \u00eentre 10 \u0219i 11 ani<\/h4>\n<p>Colan\u021bii termici Kipsta pentru copii sunt confec\u021biona\u021bi dintr-un amestec de poliester (pentru eliminarea umezelii) \u0219i poliamid\u0103 (pentru o moliciune sporit\u0103). Aceste dou\u0103 componente, combinate cu elastanul, garanteaz\u0103 un confort de neegalat \u00een timpul exerci\u021biilor fizice. <\/p>\n<p><span data-sheets-root=\"1\"> 10-11 ani, 141-150 cm (87% poliester, 13% elastan)<\/span><\/p>\n","protected":false},"excerpt":{"rendered":"<h3>Lenjerie termic\u0103 KIPSTA pentru copii cu v\u00e2rsta cuprins\u0103 \u00eentre 10 \u0219i 11 ani<\/h3>\n","protected":false},"featured_media":46271,"comment_status":"open","ping_status":"closed","template":"","meta":{"_et_pb_use_builder":"","_et_pb_old_content":"","_et_gb_content_width":""},"product_brand":[1412],"product_cat":[673],"product_tag":[1430,880,1416,1426],"class_list":{"0":"post-46276","1":"product","2":"type-product","3":"status-publish","4":"has-post-thumbnail","6":"product_brand-kipsta","7":"product_cat-imbracaminte-sport","8":"product_tag-kipsta-ro","9":"product_tag-lenjerie-termica","10":"product_tag-pantaloni-ro","11":"product_tag-termo-losiny-ro","13":"first","14":"instock","15":"sale","16":"shipping-taxable","17":"purchasable","18":"product-type-simple"},"aioseo_notices":[],"_links":{"self":[{"href":"https:\/\/amaldis.md\/ro\/wp-json\/wp\/v2\/product\/46276","targetHints":{"allow":["GET"]}}],"collection":[{"href":"https:\/\/amaldis.md\/ro\/wp-json\/wp\/v2\/product"}],"about":[{"href":"https:\/\/amaldis.md\/ro\/wp-json\/wp\/v2\/types\/product"}],"replies":[{"embeddable":true,"href":"https:\/\/amaldis.md\/ro\/wp-json\/wp\/v2\/comments?post=46276"}],"wp:featuredmedia":[{"embeddable":true,"href":"https:\/\/amaldis.md\/ro\/wp-json\/wp\/v2\/media\/46271"}],"wp:attachment":[{"href":"https:\/\/amaldis.md\/ro\/wp-json\/wp\/v2\/media?parent=46276"}],"wp:term":[{"taxonomy":"product_brand","embeddable":true,"href":"https:\/\/amaldis.md\/ro\/wp-json\/wp\/v2\/product_brand?post=46276"},{"taxonomy":"product_cat","embeddable":true,"href":"https:\/\/amaldis.md\/ro\/wp-json\/wp\/v2\/product_cat?post=46276"},{"taxonomy":"product_tag","embeddable":true,"href":"https:\/\/amaldis.md\/ro\/wp-json\/wp\/v2\/product_tag?post=46276"}],"curies":[{"name":"wp","href":"https:\/\/api.w.org\/{rel}","templated":true}]}}