{"id":46279,"date":"2026-03-18T13:59:18","date_gmt":"2026-03-18T10:59:18","guid":{"rendered":"https:\/\/amaldis.md\/product\/lenjerie-termica-kipsta-pentru-copii-cu-varsta-cuprinsa-intre-14-si-15-ani\/"},"modified":"2026-03-18T14:00:24","modified_gmt":"2026-03-18T11:00:24","slug":"lenjerie-termica-kipsta-pentru-copii-cu-varsta-cuprinsa-intre-14-si-15-ani","status":"publish","type":"product","link":"https:\/\/amaldis.md\/ro\/produs\/lenjerie-termica-kipsta-pentru-copii-cu-varsta-cuprinsa-intre-14-si-15-ani\/","title":{"rendered":"Lenjerie termic\u0103 KIPSTA pentru copii cu v\u00e2rsta cuprins\u0103 \u00eentre 14 \u0219i 15 ani"},"content":{"rendered":"<h4>Lenjerie termic\u0103 KIPSTA pentru copii cu v\u00e2rsta cuprins\u0103 \u00eentre 14 \u0219i 15 ani<\/h4>\n<div class=\"et_pb_row et_pb_row_2_tb_body\">\n<div class=\"et_pb_column et_pb_column_4_4 et_pb_column_3_tb_body et_pb_css_mix_blend_mode_passthrough et-last-child\">\n<div class=\"et_pb_module et_pb_wc_description et_pb_wc_description_1_tb_body et_pb_bg_layout_light et_pb_text_align_left\">\n<div class=\"et_pb_module_inner\">\n<p>Colan\u021bii termici Kipsta pentru copii sunt confec\u021biona\u021bi dintr-un amestec de poliester (pentru eliminarea umezelii) \u0219i poliamid\u0103 (pentru o moliciune sporit\u0103). Aceste dou\u0103 componente, combinate cu elastanul, garanteaz\u0103 un confort de neegalat \u00een timpul exerci\u021biilor fizice. <\/p>\n<p><span data-sheets-root=\"1\"> 160-170 cm (87% poliester, 13% elastan)<\/span><\/p>\n<\/div>\n<\/div>\n<div class=\"et_pb_module et_pb_wc_additional_info et_pb_wc_additional_info_0_tb_body et_pb_bg_layout_light et_pb_text_align_left\">\n<div class=\"et_pb_module_inner\"><\/div>\n<\/div>\n<\/div>\n<\/div>\n<div class=\"et_pb_row et_pb_row_3_tb_body\">\n<div class=\"et_pb_column et_pb_column_4_4 et_pb_column_4_tb_body et_pb_css_mix_blend_mode_passthrough et-last-child\">\n<div class=\"et_pb_module et_pb_wc_related_products et_pb_wc_related_products_0_tb_body et_pb_bg_layout_ et_pb_text_align_center\">\n<div class=\"et_pb_module_inner\"><\/div>\n<\/div>\n<\/div>\n<\/div>\n<p>&nbsp;<\/p>\n","protected":false},"excerpt":{"rendered":"<h3>Lenjerie termic\u0103 KIPSTA pentru copii cu v\u00e2rsta cuprins\u0103 \u00eentre 14 \u0219i 15 ani<\/h3>\n","protected":false},"featured_media":46271,"comment_status":"open","ping_status":"closed","template":"","meta":{"_et_pb_use_builder":"","_et_pb_old_content":"","_et_gb_content_width":""},"product_brand":[1412],"product_cat":[673],"product_tag":[1422,1430,880,897,912,1426],"class_list":{"0":"post-46279","1":"product","2":"type-product","3":"status-publish","4":"has-post-thumbnail","6":"product_brand-kipsta","7":"product_cat-imbracaminte-sport","8":"product_tag-jambiere","9":"product_tag-kipsta-ro","10":"product_tag-lenjerie-termica","11":"product_tag-pantaloni-termici","12":"product_tag-termo-ro","13":"product_tag-termo-losiny-ro","15":"first","16":"instock","17":"sale","18":"shipping-taxable","19":"purchasable","20":"product-type-simple"},"aioseo_notices":[],"_links":{"self":[{"href":"https:\/\/amaldis.md\/ro\/wp-json\/wp\/v2\/product\/46279","targetHints":{"allow":["GET"]}}],"collection":[{"href":"https:\/\/amaldis.md\/ro\/wp-json\/wp\/v2\/product"}],"about":[{"href":"https:\/\/amaldis.md\/ro\/wp-json\/wp\/v2\/types\/product"}],"replies":[{"embeddable":true,"href":"https:\/\/amaldis.md\/ro\/wp-json\/wp\/v2\/comments?post=46279"}],"wp:featuredmedia":[{"embeddable":true,"href":"https:\/\/amaldis.md\/ro\/wp-json\/wp\/v2\/media\/46271"}],"wp:attachment":[{"href":"https:\/\/amaldis.md\/ro\/wp-json\/wp\/v2\/media?parent=46279"}],"wp:term":[{"taxonomy":"product_brand","embeddable":true,"href":"https:\/\/amaldis.md\/ro\/wp-json\/wp\/v2\/product_brand?post=46279"},{"taxonomy":"product_cat","embeddable":true,"href":"https:\/\/amaldis.md\/ro\/wp-json\/wp\/v2\/product_cat?post=46279"},{"taxonomy":"product_tag","embeddable":true,"href":"https:\/\/amaldis.md\/ro\/wp-json\/wp\/v2\/product_tag?post=46279"}],"curies":[{"name":"wp","href":"https:\/\/api.w.org\/{rel}","templated":true}]}}