{"id":46344,"date":"2026-03-24T15:35:36","date_gmt":"2026-03-24T12:35:36","guid":{"rendered":"https:\/\/amaldis.md\/product\/baston-de-gimnastica-1-1-m-d-26-m-69059-6185\/"},"modified":"2026-03-24T15:35:36","modified_gmt":"2026-03-24T12:35:36","slug":"baston-de-gimnastica-1-1-m-d-26-m-69059-6185","status":"publish","type":"product","link":"https:\/\/amaldis.md\/ro\/produs\/baston-de-gimnastica-1-1-m-d-26-m-69059-6185\/","title":{"rendered":"Baston de gimnastic\u0103 1,1 m d = 26 m 69059\/6185"},"content":{"rendered":"<h4>Baston de gimnastic\u0103 1,1 m d = 26 m 69059\/6185<\/h4>\n<p>Bastonul mare de gimnastic\u0103 (D=26 mm, L=110 cm) este un instrument ideal pentru \u00eembun\u0103t\u0103\u021birea for\u021bei, coordon\u0103rii \u0219i flexibilit\u0103\u021bii.<\/p>\n","protected":false},"excerpt":{"rendered":"<h3>\u041f\u0430\u043b\u043a\u0430 \u0433\u0438\u043c\u043d\u0430\u0441\u0442 1,1m d=26 M 69059\/6185<\/h3>\n","protected":false},"featured_media":46337,"comment_status":"open","ping_status":"closed","template":"","meta":{"_et_pb_use_builder":"","_et_pb_old_content":"","_et_gb_content_width":""},"product_brand":[],"product_cat":[659],"product_tag":[1073,931,1448,1400],"class_list":{"0":"post-46344","1":"product","2":"type-product","3":"status-publish","4":"has-post-thumbnail","6":"product_cat-gimnastica-si-dans","7":"product_tag-dans","8":"product_tag-gimnastica","9":"product_tag-gimnastica-ritmica","10":"product_tag-sorevnovaniya-ro","12":"first","13":"instock","14":"shipping-taxable","15":"purchasable","16":"product-type-simple"},"aioseo_notices":[],"_links":{"self":[{"href":"https:\/\/amaldis.md\/ro\/wp-json\/wp\/v2\/product\/46344","targetHints":{"allow":["GET"]}}],"collection":[{"href":"https:\/\/amaldis.md\/ro\/wp-json\/wp\/v2\/product"}],"about":[{"href":"https:\/\/amaldis.md\/ro\/wp-json\/wp\/v2\/types\/product"}],"replies":[{"embeddable":true,"href":"https:\/\/amaldis.md\/ro\/wp-json\/wp\/v2\/comments?post=46344"}],"wp:featuredmedia":[{"embeddable":true,"href":"https:\/\/amaldis.md\/ro\/wp-json\/wp\/v2\/media\/46337"}],"wp:attachment":[{"href":"https:\/\/amaldis.md\/ro\/wp-json\/wp\/v2\/media?parent=46344"}],"wp:term":[{"taxonomy":"product_brand","embeddable":true,"href":"https:\/\/amaldis.md\/ro\/wp-json\/wp\/v2\/product_brand?post=46344"},{"taxonomy":"product_cat","embeddable":true,"href":"https:\/\/amaldis.md\/ro\/wp-json\/wp\/v2\/product_cat?post=46344"},{"taxonomy":"product_tag","embeddable":true,"href":"https:\/\/amaldis.md\/ro\/wp-json\/wp\/v2\/product_tag?post=46344"}],"curies":[{"name":"wp","href":"https:\/\/api.w.org\/{rel}","templated":true}]}}