{"id":46390,"date":"2026-03-25T15:12:01","date_gmt":"2026-03-25T12:12:01","guid":{"rendered":"https:\/\/amaldis.md\/product\/clatite-karate-negre-dado-km600-m\/"},"modified":"2026-03-25T15:13:51","modified_gmt":"2026-03-25T12:13:51","slug":"clatite-karate-negre-dado-km600-m","status":"publish","type":"product","link":"https:\/\/amaldis.md\/ro\/produs\/clatite-karate-negre-dado-km600-m\/","title":{"rendered":"Cl\u0103tite Karate Negre DADO KM600 &#8211; M"},"content":{"rendered":"<h4>Cl\u0103tite Karate Negre DADO KM600 &#8211; M<\/h4>\n<h4>Tampoane de karate (m\u0103nu\u0219i)<\/h4>\n<p><strong>Material<\/strong>: poliuretan (PU).<br \/>\n<strong>M\u0103rime:<\/strong> M<br \/>\n<strong>Metoda de fixare<\/strong>: Velcro.<br \/>\n<strong>Culoare<\/strong> neagr\u0103.<br \/>\n<strong>Scop:<\/strong> pentru a proteja m\u00e2inile de r\u0103ni \u00een timpul antrenamentului de karate.<\/p>\n<div class=\"et_pb_row et_pb_row_2_tb_body\">\n<div class=\"et_pb_column et_pb_column_4_4 et_pb_column_3_tb_body et_pb_css_mix_blend_mode_passthrough et-last-child\">\n<div class=\"et_pb_module et_pb_wc_description et_pb_wc_description_1_tb_body et_pb_bg_layout_light et_pb_text_align_left\">\n<div class=\"et_pb_module_inner\">\n<p>M\u0103nu\u0219ile de karate sunt fabricate din poliuretan. Acesta este un \u00eenlocuitor de piele sintetic\u0103 de \u00eenalt\u0103 calitate, care se descurc\u0103 bine utiliz\u0103rii regulate. Pentru a proteja articula\u021biile de impactul \u00een m\u0103nu\u0219i, se folose\u0219te un strat de material de c\u0103ptu\u0219eal\u0103.<\/p>\n<\/div>\n<\/div>\n<div class=\"et_pb_module et_pb_wc_additional_info et_pb_wc_additional_info_0_tb_body et_pb_bg_layout_light et_pb_text_align_left\">\n<div class=\"et_pb_module_inner\"><\/div>\n<\/div>\n<\/div>\n<\/div>\n<div class=\"et_pb_row et_pb_row_3_tb_body\">\n<div class=\"et_pb_column et_pb_column_4_4 et_pb_column_4_tb_body et_pb_css_mix_blend_mode_passthrough et-last-child\">\n<div class=\"et_pb_module et_pb_wc_related_products et_pb_wc_related_products_0_tb_body et_pb_bg_layout_ et_pb_text_align_center\">\n<div class=\"et_pb_module_inner\"><\/div>\n<\/div>\n<\/div>\n<\/div>\n<p>&nbsp;<\/p>\n","protected":false},"excerpt":{"rendered":"<h3>Cl\u0103tite Karate Negre DADO KM600 &#8211; M<\/h3>\n","protected":false},"featured_media":46386,"comment_status":"open","ping_status":"closed","template":"","meta":{"_et_pb_use_builder":"","_et_pb_old_content":"","_et_gb_content_width":""},"product_brand":[],"product_cat":[1359,663],"product_tag":[1454,875,1456,1455],"class_list":{"0":"post-46390","1":"product","2":"type-product","3":"status-publish","4":"has-post-thumbnail","6":"product_cat-karate-ro","7":"product_cat-arte-martiale","8":"product_tag-clatite-de-karate","9":"product_tag-karate-ro","10":"product_tag-manusi-de-karate","11":"product_tag-tampoane-de-karate","13":"first","14":"instock","15":"shipping-taxable","16":"purchasable","17":"product-type-simple"},"aioseo_notices":[],"_links":{"self":[{"href":"https:\/\/amaldis.md\/ro\/wp-json\/wp\/v2\/product\/46390","targetHints":{"allow":["GET"]}}],"collection":[{"href":"https:\/\/amaldis.md\/ro\/wp-json\/wp\/v2\/product"}],"about":[{"href":"https:\/\/amaldis.md\/ro\/wp-json\/wp\/v2\/types\/product"}],"replies":[{"embeddable":true,"href":"https:\/\/amaldis.md\/ro\/wp-json\/wp\/v2\/comments?post=46390"}],"wp:featuredmedia":[{"embeddable":true,"href":"https:\/\/amaldis.md\/ro\/wp-json\/wp\/v2\/media\/46386"}],"wp:attachment":[{"href":"https:\/\/amaldis.md\/ro\/wp-json\/wp\/v2\/media?parent=46390"}],"wp:term":[{"taxonomy":"product_brand","embeddable":true,"href":"https:\/\/amaldis.md\/ro\/wp-json\/wp\/v2\/product_brand?post=46390"},{"taxonomy":"product_cat","embeddable":true,"href":"https:\/\/amaldis.md\/ro\/wp-json\/wp\/v2\/product_cat?post=46390"},{"taxonomy":"product_tag","embeddable":true,"href":"https:\/\/amaldis.md\/ro\/wp-json\/wp\/v2\/product_tag?post=46390"}],"curies":[{"name":"wp","href":"https:\/\/api.w.org\/{rel}","templated":true}]}}