{"id":46413,"date":"2026-03-25T16:48:30","date_gmt":"2026-03-25T13:48:30","guid":{"rendered":"https:\/\/amaldis.md\/product\/clatite-karate-zelart-7250-albastru-l\/"},"modified":"2026-03-25T16:48:30","modified_gmt":"2026-03-25T13:48:30","slug":"clatite-karate-zelart-7250-albastru-l","status":"publish","type":"product","link":"https:\/\/amaldis.md\/ro\/produs\/clatite-karate-zelart-7250-albastru-l\/","title":{"rendered":"Cl\u0103tite Karate ZELART 7250 Albastru L"},"content":{"rendered":"<h4>Cl\u0103tite Karate ZELART 7250 Albastru L<\/h4>\n<div class=\"et_pb_row et_pb_row_2_tb_body\">\n<div class=\"et_pb_column et_pb_column_4_4 et_pb_column_3_tb_body et_pb_css_mix_blend_mode_passthrough et-last-child\">\n<div class=\"et_pb_module et_pb_wc_description et_pb_wc_description_1_tb_body et_pb_bg_layout_light et_pb_text_align_left\">\n<div class=\"et_pb_module_inner\">\n<div class=\"et_pb_row et_pb_row_2_tb_body\">\n<div class=\"et_pb_column et_pb_column_4_4 et_pb_column_3_tb_body et_pb_css_mix_blend_mode_passthrough et-last-child\">\n<div class=\"et_pb_module et_pb_wc_description et_pb_wc_description_1_tb_body et_pb_bg_layout_light et_pb_text_align_left\">\n<div class=\"et_pb_module_inner\">\n<p>Protec\u021biile de karate Zelart BO-7250 sunt fabricate din poliuretan sintetic de \u00eenalt\u0103 calitate. \u00cencheieturile m\u00e2inilor sunt prev\u0103zute cu man\u0219ete Velcro care fixeaz\u0103 \u00een siguran\u021b\u0103 protec\u021biile pe corp \u0219i \u00eempiedic\u0103 deplasarea acestora \u00een timpul antrenamentului. Protec\u021biile nu restric\u021bioneaz\u0103 mobilitatea \u0219i permit sportivilor s\u0103 execute prize cu confort maxim. \u00cen acest scop, acestea au palma \u0219i degetele deschise. Protec\u021biile sunt fixate pe degete cu mai multe benzi elastice. Suprafa\u021ba de lovire a m\u00e2inii este protejat\u0103 \u00een mod fiabil de accident\u0103ri de un strat gros de c\u0103ptu\u0219eal\u0103. C\u0103ptu\u0219eala absoarbe eficient for\u021ba impactului \u0219i ajut\u0103 la prevenirea deterior\u0103rii pielii \u0219i articula\u021biilor.      <\/p>\n<ul>\n<li>Velcro v\u0103 permite s\u0103 ajusta\u021bi potrivirea echipamentului \u0219i s\u0103 \u00eel fixa\u021bi \u00een siguran\u021b\u0103 pe bra\u021be.<\/li>\n<li>Umplutura absoarbe for\u021ba impactului, ceea ce face ca antrenamentul s\u0103 fie sigur.<\/li>\n<li>Designul deschis al pernu\u021belor permite m\u00e2inilor s\u0103 se r\u0103ceasc\u0103 eficient.<\/li>\n<\/ul>\n<\/div>\n<\/div>\n<\/div>\n<\/div>\n<\/div>\n<\/div>\n<div class=\"et_pb_module et_pb_wc_additional_info et_pb_wc_additional_info_0_tb_body et_pb_bg_layout_light et_pb_text_align_left\">\n<div class=\"et_pb_module_inner\"><\/div>\n<\/div>\n<\/div>\n<\/div>\n<div class=\"et_pb_row et_pb_row_3_tb_body\">\n<div class=\"et_pb_column et_pb_column_4_4 et_pb_column_4_tb_body et_pb_css_mix_blend_mode_passthrough et-last-child\">\n<div class=\"et_pb_module et_pb_wc_related_products et_pb_wc_related_products_0_tb_body et_pb_bg_layout_ et_pb_text_align_center\">\n<div class=\"et_pb_module_inner\"><\/div>\n<\/div>\n<\/div>\n<\/div>\n","protected":false},"excerpt":{"rendered":"<h3>Cl\u0103tite Karate ZELART 7250 Albastru L<\/h3>\n","protected":false},"featured_media":46412,"comment_status":"open","ping_status":"closed","template":"","meta":{"_et_pb_use_builder":"","_et_pb_old_content":"","_et_gb_content_width":""},"product_brand":[1372],"product_cat":[1359,663],"product_tag":[842,1454,875,1456,1455],"class_list":{"0":"post-46413","1":"product","2":"type-product","3":"status-publish","4":"has-post-thumbnail","6":"product_brand-zelart","7":"product_cat-karate-ro","8":"product_cat-arte-martiale","9":"product_tag-arte-martiale","10":"product_tag-clatite-de-karate","11":"product_tag-karate-ro","12":"product_tag-manusi-de-karate","13":"product_tag-tampoane-de-karate","15":"first","16":"instock","17":"shipping-taxable","18":"purchasable","19":"product-type-simple"},"aioseo_notices":[],"_links":{"self":[{"href":"https:\/\/amaldis.md\/ro\/wp-json\/wp\/v2\/product\/46413","targetHints":{"allow":["GET"]}}],"collection":[{"href":"https:\/\/amaldis.md\/ro\/wp-json\/wp\/v2\/product"}],"about":[{"href":"https:\/\/amaldis.md\/ro\/wp-json\/wp\/v2\/types\/product"}],"replies":[{"embeddable":true,"href":"https:\/\/amaldis.md\/ro\/wp-json\/wp\/v2\/comments?post=46413"}],"wp:featuredmedia":[{"embeddable":true,"href":"https:\/\/amaldis.md\/ro\/wp-json\/wp\/v2\/media\/46412"}],"wp:attachment":[{"href":"https:\/\/amaldis.md\/ro\/wp-json\/wp\/v2\/media?parent=46413"}],"wp:term":[{"taxonomy":"product_brand","embeddable":true,"href":"https:\/\/amaldis.md\/ro\/wp-json\/wp\/v2\/product_brand?post=46413"},{"taxonomy":"product_cat","embeddable":true,"href":"https:\/\/amaldis.md\/ro\/wp-json\/wp\/v2\/product_cat?post=46413"},{"taxonomy":"product_tag","embeddable":true,"href":"https:\/\/amaldis.md\/ro\/wp-json\/wp\/v2\/product_tag?post=46413"}],"curies":[{"name":"wp","href":"https:\/\/api.w.org\/{rel}","templated":true}]}}