{"id":46419,"date":"2026-03-28T14:38:36","date_gmt":"2026-03-28T11:38:36","guid":{"rendered":"https:\/\/amaldis.md\/product\/b-ca-d3-k2-90-cap\/"},"modified":"2026-03-28T14:38:36","modified_gmt":"2026-03-28T11:38:36","slug":"b-ca-d3-k2-90-cap","status":"publish","type":"product","link":"https:\/\/amaldis.md\/ro\/produs\/b-ca-d3-k2-90-cap\/","title":{"rendered":"B CA-D3-K2 90 cap"},"content":{"rendered":"<h4><span data-sheets-root=\"1\">B CA-D3-K2 90 cap<\/span><\/h4>\n<p>DESCRIEREA PRODUSULUI<br \/>\n\u2714 Oase \u0219i din\u021bi puternici, ajut\u0103 la absorb\u021bia calciului \u0219i protejeaz\u0103 \u00eempotriva leziunilor \u0219i fracturilor;<br \/>\n\u2714 Oasele s\u0103n\u0103toase sunt fundamentul func\u021bion\u0103rii normale a sistemului musculo-scheletic;<br \/>\n\u2714 Acest complex de vitamine \u0219i minerale este complet universal \u0219i potrivit pentru o gam\u0103 larg\u0103 de consumatori;<br \/>\n\u2714 Produsul poate fi utilizat singur sau \u00een combina\u021bie cu alte produse de nutri\u021bie s\u0103n\u0103toas\u0103 \u0219i sportiv\u0103, cum ar fi condroprotectorii, antioxidan\u021bii, acizi gra\u0219i esen\u021biali, vitaminele B, precum \u0219i vitaminele A, C \u0219i E, magneziu, zinc, aminoacizi etc.<\/p>\n<p>Printre ingrediente, merit\u0103 eviden\u021biate urm\u0103toarele:<br \/>\n\u2714 Vitamina K2 \u2013 regleaz\u0103 coagularea s\u00e2ngelui, previne acumularea de calciu pe pere\u021bii vaselor de s\u00e2nge, men\u021bin\u00e2nd astfel vasele de s\u00e2nge s\u0103n\u0103toase \u0219i promoveaz\u0103 mineralizarea osoas\u0103.<br \/>\nCa + D3 + K2 ajut\u0103 la men\u021binerea rezisten\u021bei oaselor, a elasticit\u0103\u021bii \u0219i a rezisten\u021bei la activitatea fizic\u0103 intens\u0103, precum \u0219i la prevenirea riscului de accident\u0103ri casnice \u0219i sportive. \u00cen plus, acest supliment alimentar are un efect benefic asupra func\u021biei cardiovasculare, cre\u0219te for\u021ba de contrac\u021bie muscular\u0103 \u0219i sus\u021bine un metabolism s\u0103n\u0103tos \u0219i produc\u021bia de energie. <\/p>\n<h5>Doz\u0103 zilnic\u0103 = 3 capsule:<br \/>\nINSTRUC\u021aIUNI DE UTILIZARE<br \/>\nLua\u021bi 1 capsul\u0103 de 3 ori pe zi cu un pahar mare cu ap\u0103, \u00eentre mese. Nu dep\u0103\u0219i\u021bi doza zilnic\u0103 recomandat\u0103. <\/h5>\n","protected":false},"excerpt":{"rendered":"<h3><span data-sheets-root=\"1\">B CA-D3-K2 90 cap<\/span><\/h3>\n","protected":false},"featured_media":46416,"comment_status":"open","ping_status":"closed","template":"","meta":{"_et_pb_use_builder":"","_et_pb_old_content":"","_et_gb_content_width":""},"product_brand":[1344],"product_cat":[675],"product_tag":[1459,1187,1460,1185,1388,1374],"class_list":{"0":"post-46419","1":"product","2":"type-product","3":"status-publish","4":"has-post-thumbnail","6":"product_brand-biotechusa","7":"product_cat-nutritie-sportiva","8":"product_tag-alimentatie-sportiva-ro","9":"product_tag-bio-tech-usa-ro","10":"product_tag-ca-d3-k2-ro","11":"product_tag-nutritie-sportiva","12":"product_tag-suplimente-alimentare","13":"product_tag-dobavki-ro","15":"first","16":"instock","17":"shipping-taxable","18":"purchasable","19":"product-type-simple"},"aioseo_notices":[],"_links":{"self":[{"href":"https:\/\/amaldis.md\/ro\/wp-json\/wp\/v2\/product\/46419","targetHints":{"allow":["GET"]}}],"collection":[{"href":"https:\/\/amaldis.md\/ro\/wp-json\/wp\/v2\/product"}],"about":[{"href":"https:\/\/amaldis.md\/ro\/wp-json\/wp\/v2\/types\/product"}],"replies":[{"embeddable":true,"href":"https:\/\/amaldis.md\/ro\/wp-json\/wp\/v2\/comments?post=46419"}],"wp:featuredmedia":[{"embeddable":true,"href":"https:\/\/amaldis.md\/ro\/wp-json\/wp\/v2\/media\/46416"}],"wp:attachment":[{"href":"https:\/\/amaldis.md\/ro\/wp-json\/wp\/v2\/media?parent=46419"}],"wp:term":[{"taxonomy":"product_brand","embeddable":true,"href":"https:\/\/amaldis.md\/ro\/wp-json\/wp\/v2\/product_brand?post=46419"},{"taxonomy":"product_cat","embeddable":true,"href":"https:\/\/amaldis.md\/ro\/wp-json\/wp\/v2\/product_cat?post=46419"},{"taxonomy":"product_tag","embeddable":true,"href":"https:\/\/amaldis.md\/ro\/wp-json\/wp\/v2\/product_tag?post=46419"}],"curies":[{"name":"wp","href":"https:\/\/api.w.org\/{rel}","templated":true}]}}