{"id":46477,"date":"2026-04-08T13:07:27","date_gmt":"2026-04-08T10:07:27","guid":{"rendered":"https:\/\/amaldis.md\/product\/gala-de-volei-junior-5093-3925\/"},"modified":"2026-04-08T13:07:27","modified_gmt":"2026-04-08T10:07:27","slug":"gala-de-volei-junior-5093-3925","status":"publish","type":"product","link":"https:\/\/amaldis.md\/ro\/produs\/gala-de-volei-junior-5093-3925\/","title":{"rendered":"Gala de volei Junior 5093 (3925)"},"content":{"rendered":"<h4>Gala de volei Junior 5093<\/h4>\n<p>Mingea de volei Gala Junior No. 5 este conceput\u0103 pentru tinerii juc\u0103tori care \u00ee\u0219i \u00eenva\u021b\u0103 abilit\u0103\u021bile de baz\u0103. Suprafa\u021ba sa sintetic\u0103 u\u0219oar\u0103 \u0219i moale ofer\u0103 confort \u0219i u\u0219urin\u021b\u0103 \u00een manevrare, fiind ideal\u0103 pentru antrenamentul copiilor \u0219i adolescen\u021bilor. <\/p>\n<p>Specifica\u021bii:<br \/>\n\u2013 M\u0103rime: Nr. 5 \u2014 m\u0103rime standard, u\u0219oar\u0103 pentru juniori<br \/>\n\u2013 Material: piele sintetic\u0103 moale, pl\u0103cut\u0103 la atingere<br \/>\n\u2013 Construc\u021bie cu 18 panouri cusute, form\u0103 stabil\u0103 \u0219i durabilitate<br \/>\n\u2013 Greutate optim\u0103 pentru copii \u0219i adolescen\u021bi, promoveaz\u0103 dezvoltarea tehnic\u0103<br \/>\n\u2013 Recomandat pentru antrenamente \u00een sal\u0103, cluburi \u0219colare \u0219i cluburi sportive pentru copii<\/p>\n","protected":false},"excerpt":{"rendered":"<h3 class=\"product__title\" title=\"Gala de volei Junior 5093 (3925)\">Gala de volei Junior 5093 (3925)<\/h3>\n<div class=\"\" data-v-a06ccc3a=\"\" data-v-3badda7a=\"\"><\/div>\n","protected":false},"featured_media":46475,"comment_status":"open","ping_status":"closed","template":"","meta":{"_et_pb_use_builder":"","_et_pb_old_content":"","_et_gb_content_width":""},"product_brand":[1463],"product_cat":[658],"product_tag":[1467,1468,1466,887],"class_list":{"0":"post-46477","1":"product","2":"type-product","3":"status-publish","4":"has-post-thumbnail","6":"product_brand-gala","7":"product_cat-volei","8":"product_tag-gala-ro","9":"product_tag-joc-de-volei","10":"product_tag-minge-de-volei","11":"product_tag-volei","13":"first","14":"instock","15":"shipping-taxable","16":"purchasable","17":"product-type-simple"},"aioseo_notices":[],"_links":{"self":[{"href":"https:\/\/amaldis.md\/ro\/wp-json\/wp\/v2\/product\/46477","targetHints":{"allow":["GET"]}}],"collection":[{"href":"https:\/\/amaldis.md\/ro\/wp-json\/wp\/v2\/product"}],"about":[{"href":"https:\/\/amaldis.md\/ro\/wp-json\/wp\/v2\/types\/product"}],"replies":[{"embeddable":true,"href":"https:\/\/amaldis.md\/ro\/wp-json\/wp\/v2\/comments?post=46477"}],"wp:featuredmedia":[{"embeddable":true,"href":"https:\/\/amaldis.md\/ro\/wp-json\/wp\/v2\/media\/46475"}],"wp:attachment":[{"href":"https:\/\/amaldis.md\/ro\/wp-json\/wp\/v2\/media?parent=46477"}],"wp:term":[{"taxonomy":"product_brand","embeddable":true,"href":"https:\/\/amaldis.md\/ro\/wp-json\/wp\/v2\/product_brand?post=46477"},{"taxonomy":"product_cat","embeddable":true,"href":"https:\/\/amaldis.md\/ro\/wp-json\/wp\/v2\/product_cat?post=46477"},{"taxonomy":"product_tag","embeddable":true,"href":"https:\/\/amaldis.md\/ro\/wp-json\/wp\/v2\/product_tag?post=46477"}],"curies":[{"name":"wp","href":"https:\/\/api.w.org\/{rel}","templated":true}]}}