{"id":46488,"date":"2026-04-08T14:12:42","date_gmt":"2026-04-08T11:12:42","guid":{"rendered":"https:\/\/amaldis.md\/product\/gala-de-volei-bora-5671-5675\/"},"modified":"2026-04-08T14:12:42","modified_gmt":"2026-04-08T11:12:42","slug":"gala-de-volei-bora-5671-5675","status":"publish","type":"product","link":"https:\/\/amaldis.md\/ro\/produs\/gala-de-volei-bora-5671-5675\/","title":{"rendered":"Gala de volei Bora 5671\/5675"},"content":{"rendered":"<h4 class=\"product__title\" title=\"Gala de volei Bora 5671\/5675 (140)\">Gala de volei Bora 5671\/5675<\/h4>\n<p>Mingea de volei Gala Bora No. 5 este potrivit\u0103 pentru \u0219coal\u0103, antrenament pentru \u00eencep\u0103tori \u0219i recreere activ\u0103. Suprafa\u021ba sa u\u0219oar\u0103 \u0219i moale asigur\u0103 un joc confortabil, \u00een special pentru \u00eencep\u0103tori. Husa este format\u0103 din 10 panouri din piele sintetic\u0103 lipit\u0103, oferind o form\u0103 stabil\u0103 \u0219i un control excelent.  <\/p>\n<p>Specifica\u021bii:<br \/>\n\u2013 M\u0103rime: Nr. 5 \u2014 m\u0103rime standard pentru mingea de volei<br \/>\n\u2013 Material: piele sintetic\u0103 moale, rezistent\u0103 la uzur\u0103<br \/>\n\u2013 Construc\u021bie: 10 panouri lipite, form\u0103 sferic\u0103 stabil\u0103<br \/>\n\u2013 Greutate optim\u0103 pentru joc recreativ, potrivit\u0103 pentru toate v\u00e2rstele<\/p>\n<h4><\/h4>\n","protected":false},"excerpt":{"rendered":"<h3 class=\"product__title\" title=\"Gala de volei Bora 5671\/5675 (140)\">Gala de volei Bora 5671\/5675<\/h3>\n<div class=\"\" data-v-a06ccc3a=\"\" data-v-3badda7a=\"\"><\/div>\n","protected":false},"featured_media":46487,"comment_status":"open","ping_status":"closed","template":"","meta":{"_et_pb_use_builder":"","_et_pb_old_content":"","_et_gb_content_width":""},"product_brand":[1463],"product_cat":[658],"product_tag":[1467,1468,1466,887,1470],"class_list":{"0":"post-46488","1":"product","2":"type-product","3":"status-publish","4":"has-post-thumbnail","6":"product_brand-gala","7":"product_cat-volei","8":"product_tag-gala-ro","9":"product_tag-joc-de-volei","10":"product_tag-minge-de-volei","11":"product_tag-volei","12":"product_tag-myach-volejbol-ro","14":"first","15":"instock","16":"shipping-taxable","17":"purchasable","18":"product-type-simple"},"aioseo_notices":[],"_links":{"self":[{"href":"https:\/\/amaldis.md\/ro\/wp-json\/wp\/v2\/product\/46488","targetHints":{"allow":["GET"]}}],"collection":[{"href":"https:\/\/amaldis.md\/ro\/wp-json\/wp\/v2\/product"}],"about":[{"href":"https:\/\/amaldis.md\/ro\/wp-json\/wp\/v2\/types\/product"}],"replies":[{"embeddable":true,"href":"https:\/\/amaldis.md\/ro\/wp-json\/wp\/v2\/comments?post=46488"}],"wp:featuredmedia":[{"embeddable":true,"href":"https:\/\/amaldis.md\/ro\/wp-json\/wp\/v2\/media\/46487"}],"wp:attachment":[{"href":"https:\/\/amaldis.md\/ro\/wp-json\/wp\/v2\/media?parent=46488"}],"wp:term":[{"taxonomy":"product_brand","embeddable":true,"href":"https:\/\/amaldis.md\/ro\/wp-json\/wp\/v2\/product_brand?post=46488"},{"taxonomy":"product_cat","embeddable":true,"href":"https:\/\/amaldis.md\/ro\/wp-json\/wp\/v2\/product_cat?post=46488"},{"taxonomy":"product_tag","embeddable":true,"href":"https:\/\/amaldis.md\/ro\/wp-json\/wp\/v2\/product_tag?post=46488"}],"curies":[{"name":"wp","href":"https:\/\/api.w.org\/{rel}","templated":true}]}}