{"id":46557,"date":"2026-04-08T16:29:00","date_gmt":"2026-04-08T13:29:00","guid":{"rendered":"https:\/\/amaldis.md\/product\/genunchiere-de-volei-2-maraton-a6-l\/"},"modified":"2026-04-08T16:29:00","modified_gmt":"2026-04-08T13:29:00","slug":"genunchiere-de-volei-2-maraton-a6-l","status":"publish","type":"product","link":"https:\/\/amaldis.md\/ro\/produs\/genunchiere-de-volei-2-maraton-a6-l\/","title":{"rendered":"Genunchiere de volei (2) MARATON A6 = L"},"content":{"rendered":"<h4>Genunchiere volei (2) MARATON A6 = LViewGenunchiere<\/h4>\n<div class=\"accordion-tabs__content accordion-tabs__content--altered js-open\" data-accordion-tabs-content=\"\">\n<div class=\"specification\">\n<div class=\"specification__item\">Tip: genunchi<\/div>\n<div class=\"specification__item\">Continut: 2 buc.<\/div>\n<div class=\"specification__item\">Sporturi: Handbal, Volei<\/div>\n<div class=\"specification__item\">Tehnologii: Potrivire sigur\u0103<br \/>\nForm\u0103 ergonomic\u0103<br \/>\nRezisten\u021b\u0103 la abraziune<\/div>\n<div class=\"specification__item\">Grup\u0103 de v\u00e2rst\u0103: Pentru adul\u021bi, Pentru copii<\/div>\n<div class=\"specification__item\">Protec\u021bie: Pern\u0103 moale de protec\u021bie rezistent\u0103 la \u0219ocuri<\/div>\n<div class=\"specification__item\">Scop: Protec\u021bie fiabil\u0103 \u00eempotriva accident\u0103rilor, v\u00e2n\u0103t\u0103ilor \u0219i entorselor \u00een timpul antrenamentelor intense<\/div>\n<div class=\"specification__item\">Material: Poliester \/ Elastan<\/div>\n<div class=\"specification__item\">Compozi\u021bia materialului: 95% poliester<br \/>\n5% elastan<\/div>\n<\/div>\n<\/div>\n","protected":false},"excerpt":{"rendered":"<h3><span data-sheets-root=\"1\">Genunchiere de volei (2) MARATON A6 = L<\/span><\/h3>\n","protected":false},"featured_media":46556,"comment_status":"open","ping_status":"closed","template":"","meta":{"_et_pb_use_builder":"","_et_pb_old_content":"","_et_gb_content_width":""},"product_brand":[],"product_cat":[665,658],"product_tag":[1473,1078,887],"class_list":{"0":"post-46557","1":"product","2":"type-product","3":"status-publish","4":"has-post-thumbnail","6":"product_cat-aparari","7":"product_cat-volei","8":"product_tag-genunchiere-ro","9":"product_tag-genunchiere-de-volei","10":"product_tag-volei","12":"first","13":"instock","14":"shipping-taxable","15":"purchasable","16":"product-type-simple"},"aioseo_notices":[],"_links":{"self":[{"href":"https:\/\/amaldis.md\/ro\/wp-json\/wp\/v2\/product\/46557","targetHints":{"allow":["GET"]}}],"collection":[{"href":"https:\/\/amaldis.md\/ro\/wp-json\/wp\/v2\/product"}],"about":[{"href":"https:\/\/amaldis.md\/ro\/wp-json\/wp\/v2\/types\/product"}],"replies":[{"embeddable":true,"href":"https:\/\/amaldis.md\/ro\/wp-json\/wp\/v2\/comments?post=46557"}],"wp:featuredmedia":[{"embeddable":true,"href":"https:\/\/amaldis.md\/ro\/wp-json\/wp\/v2\/media\/46556"}],"wp:attachment":[{"href":"https:\/\/amaldis.md\/ro\/wp-json\/wp\/v2\/media?parent=46557"}],"wp:term":[{"taxonomy":"product_brand","embeddable":true,"href":"https:\/\/amaldis.md\/ro\/wp-json\/wp\/v2\/product_brand?post=46557"},{"taxonomy":"product_cat","embeddable":true,"href":"https:\/\/amaldis.md\/ro\/wp-json\/wp\/v2\/product_cat?post=46557"},{"taxonomy":"product_tag","embeddable":true,"href":"https:\/\/amaldis.md\/ro\/wp-json\/wp\/v2\/product_tag?post=46557"}],"curies":[{"name":"wp","href":"https:\/\/api.w.org\/{rel}","templated":true}]}}