{"id":46578,"date":"2026-04-11T11:32:42","date_gmt":"2026-04-11T08:32:42","guid":{"rendered":"https:\/\/amaldis.md\/product\/genunchiere-volei-2-matsa-7754\/"},"modified":"2026-04-11T11:37:04","modified_gmt":"2026-04-11T08:37:04","slug":"genunchiere-volei-2-matsa-7754","status":"publish","type":"product","link":"https:\/\/amaldis.md\/ro\/produs\/genunchiere-volei-2-matsa-7754\/","title":{"rendered":"Genunchiere volei (2) MATSA 7754"},"content":{"rendered":"<h4>Genunchiere volei (2) MATSA 7754<\/h4>\n<div class=\"typo read-more\" data-read-more-btn-text=\"\u041f\u043e\u0434\u0440\u043e\u0431\u043d\u0435\u0435\">\n<div class=\"read-more__content\">\n<ul>\n<li>Proteja\u021bi articula\u021biile genunchiului de v\u00e2n\u0103t\u0103i \u0219i abraziuni.<\/li>\n<li>Acestea au un efect de compresie asupra articula\u021biilor \u0219i le sus\u021bin.<\/li>\n<li>Potrivit pentru copii \u0219i adul\u021bi.<\/li>\n<\/ul>\n<\/div>\n<\/div>\n<div class=\"specification\">\n<p class=\"specification__title\">Caracteristici<\/p>\n<div class=\"specification__item\">Continut: 2 buc.<\/div>\n<div class=\"specification__item\">Sporturi: Judo, Lupte, Sambo, Box thailandez, Kickboxing, MMA, Jiu-jitsu, Handbal, Volei<\/div>\n<div class=\"specification__item\">Tehnologii: Potrivire sigur\u0103<br \/>\nForm\u0103 ergonomic\u0103<br \/>\nRezisten\u021b\u0103 la abraziune<\/div>\n<div class=\"specification__item\">Grup\u0103 de v\u00e2rst\u0103: Pentru adul\u021bi, Pentru copii<\/div>\n<div class=\"specification__item\">Protec\u021bie: Pern\u0103 moale de protec\u021bie rezistent\u0103 la \u0219ocuri<\/div>\n<div class=\"specification__item\">Material: Poliester \/ Elastan<\/div>\n<\/div>\n","protected":false},"excerpt":{"rendered":"<h3>Genunchiere volei (2) MATSA 7754<\/h3>\n","protected":false},"featured_media":46577,"comment_status":"open","ping_status":"closed","template":"","meta":{"_et_pb_use_builder":"","_et_pb_old_content":"","_et_gb_content_width":""},"product_brand":[1372],"product_cat":[1298,658],"product_tag":[1473,1479,822,887],"class_list":{"0":"post-46578","1":"product","2":"type-product","3":"status-publish","4":"has-post-thumbnail","6":"product_brand-zelart","7":"product_cat-handbal","8":"product_cat-volei","9":"product_tag-genunchiere-ro","10":"product_tag-genunchiere-de-volei-ro","11":"product_tag-protectie","12":"product_tag-volei","14":"first","15":"instock","16":"shipping-taxable","17":"purchasable","18":"product-type-simple"},"aioseo_notices":[],"_links":{"self":[{"href":"https:\/\/amaldis.md\/ro\/wp-json\/wp\/v2\/product\/46578","targetHints":{"allow":["GET"]}}],"collection":[{"href":"https:\/\/amaldis.md\/ro\/wp-json\/wp\/v2\/product"}],"about":[{"href":"https:\/\/amaldis.md\/ro\/wp-json\/wp\/v2\/types\/product"}],"replies":[{"embeddable":true,"href":"https:\/\/amaldis.md\/ro\/wp-json\/wp\/v2\/comments?post=46578"}],"wp:featuredmedia":[{"embeddable":true,"href":"https:\/\/amaldis.md\/ro\/wp-json\/wp\/v2\/media\/46577"}],"wp:attachment":[{"href":"https:\/\/amaldis.md\/ro\/wp-json\/wp\/v2\/media?parent=46578"}],"wp:term":[{"taxonomy":"product_brand","embeddable":true,"href":"https:\/\/amaldis.md\/ro\/wp-json\/wp\/v2\/product_brand?post=46578"},{"taxonomy":"product_cat","embeddable":true,"href":"https:\/\/amaldis.md\/ro\/wp-json\/wp\/v2\/product_cat?post=46578"},{"taxonomy":"product_tag","embeddable":true,"href":"https:\/\/amaldis.md\/ro\/wp-json\/wp\/v2\/product_tag?post=46578"}],"curies":[{"name":"wp","href":"https:\/\/api.w.org\/{rel}","templated":true}]}}