{"id":46622,"date":"2026-04-11T13:32:21","date_gmt":"2026-04-11T10:32:21","guid":{"rendered":"https:\/\/amaldis.md\/product\/plasa-de-volei-sp-sport-c-8609-9-5x1-0m\/"},"modified":"2026-04-11T13:32:21","modified_gmt":"2026-04-11T10:32:21","slug":"plasa-de-volei-sp-sport-c-8609-9-5x1-0m","status":"publish","type":"product","link":"https:\/\/amaldis.md\/ro\/produs\/plasa-de-volei-sp-sport-c-8609-9-5x1-0m\/","title":{"rendered":"Plas\u0103 de volei SP-Sport C-8609 9,5&#215;1,0m"},"content":{"rendered":"<h4>\u0421\u0435\u0442\u043a\u0430 \u0434\u043b\u044f \u0432\u043e\u043b\u0435\u0439\u0431\u043e\u043b\u0430 SP-Sport C-8609 9,5&#215;1,0\u043c<\/h4>\n<ul class=\"accordion-tabs\" data-accordion-tabs=\"\">\n<li class=\"accordion-tabs__item\" data-accordion-tabs-item=\"\">\n<div class=\"accordion-tabs__content accordion-tabs__content--altered js-open\" data-accordion-tabs-content=\"\">\n<div class=\"typo read-more\" data-read-more-btn-text=\"\u041f\u043e\u0434\u0440\u043e\u0431\u043d\u0435\u0435\">\n<div class=\"read-more__content\">\n<p><strong>Descriere<\/strong><\/p>\n<p>Aceast\u0103 plas\u0103 de volei de dimensiuni standard este fabricat\u0103 din material sintetic durabil. Dimensiunile sale permit utilizarea pe orice teren, inclusiv \u00een jocurile profesionale. Este inclus un cablu metalic, care este trecut printr-o curea durabil\u0103 de-a lungul marginii superioare a plasei. Acest lucru permite reglarea u\u0219oar\u0103 a tensiunii pe \u00eentreaga lungime. S\u00e2rma plasei este fabricat\u0103 din poliester, fiind potrivit\u0103 at\u00e2t pentru utilizare \u00een interior, c\u00e2t \u0219i \u00een exterior. Materialul este rezistent la umiditate, fluctua\u021bii de temperatur\u0103 \u0219i lumina puternic\u0103 a soarelui. Este vopsit\u0103 \u00een alb cu accente negre. Este inclus\u0103 o geant\u0103 de transport cu fermoar pentru depozitare \u0219i transport convenabile.       <\/p>\n<p><strong>Scop<\/strong><\/p>\n<p>Plasa este conceput\u0103 pentru a \u00eemp\u0103r\u021bi terenul de joc \u00een dou\u0103 \u0219i poate fi folosit\u0103 at\u00e2t pentru jocuri de volei amatori, c\u00e2t \u0219i pentru cele profesioniste. Acest produs versatil poate fi utilizat \u00een s\u0103lile de sport \u0219colare, cluburi sportive \u0219i terenuri \u00een aer liber. <\/p>\n<p><strong>Avantajele unei fileuri de volei:<\/strong><\/p>\n<ul>\n<li>Parametrii fileului \u00eendeplinesc cerin\u021bele jocului profesionist de volei.<\/li>\n<li>Materialul sintetic durabil este rezistent la influen\u021bele mediului.<\/li>\n<li>Include o geant\u0103 de transport pentru depozitare \u0219i transport convenabil.<\/li>\n<\/ul>\n<\/div>\n<\/div>\n<div class=\"specification\">\n<p class=\"specification__title\">Caracteristici<\/p>\n<div class=\"specification__item\">Tip: Fileuri de volei<\/div>\n<div class=\"specification__item\">Con\u021binutul pachetului: 1 bucat\u0103<\/div>\n<div class=\"specification__item\">Dimensiune: 9,5 x 1 m<\/div>\n<div class=\"specification__item\">Inclus: Plas\u0103: 1 buc.<br \/>\nGeant\u0103 de transport: 1 buc.<\/div>\n<div class=\"specification__item\">Dimensiune: celule de 10&#215;10 cm<\/div>\n<div class=\"specification__item\">Grosime: 1,5 mm<\/div>\n<div class=\"specification__item\">Cablu: Cu cablu<\/div>\n<\/div>\n<div class=\"accordion-tabs__content accordion-tabs__content--altered\" data-accordion-tabs-content=\"\"><\/div>\n<\/div>\n<\/li>\n<\/ul>\n","protected":false},"excerpt":{"rendered":"<h3>Plas\u0103 de volei SP-Sport C-8609 9,5&#215;1,0m<\/h3>\n","protected":false},"featured_media":46621,"comment_status":"open","ping_status":"closed","template":"","meta":{"_et_pb_use_builder":"","_et_pb_old_content":"","_et_gb_content_width":""},"product_brand":[1372],"product_cat":[1298,658],"product_tag":[982,1481,887,1428],"class_list":{"0":"post-46622","1":"product","2":"type-product","3":"status-publish","4":"has-post-thumbnail","6":"product_brand-zelart","7":"product_cat-handbal","8":"product_cat-volei","9":"product_tag-plasa","10":"product_tag-plasa-de-volei","11":"product_tag-volei","12":"product_tag-zelart-ro","14":"first","15":"instock","16":"shipping-taxable","17":"purchasable","18":"product-type-simple"},"aioseo_notices":[],"_links":{"self":[{"href":"https:\/\/amaldis.md\/ro\/wp-json\/wp\/v2\/product\/46622","targetHints":{"allow":["GET"]}}],"collection":[{"href":"https:\/\/amaldis.md\/ro\/wp-json\/wp\/v2\/product"}],"about":[{"href":"https:\/\/amaldis.md\/ro\/wp-json\/wp\/v2\/types\/product"}],"replies":[{"embeddable":true,"href":"https:\/\/amaldis.md\/ro\/wp-json\/wp\/v2\/comments?post=46622"}],"wp:featuredmedia":[{"embeddable":true,"href":"https:\/\/amaldis.md\/ro\/wp-json\/wp\/v2\/media\/46621"}],"wp:attachment":[{"href":"https:\/\/amaldis.md\/ro\/wp-json\/wp\/v2\/media?parent=46622"}],"wp:term":[{"taxonomy":"product_brand","embeddable":true,"href":"https:\/\/amaldis.md\/ro\/wp-json\/wp\/v2\/product_brand?post=46622"},{"taxonomy":"product_cat","embeddable":true,"href":"https:\/\/amaldis.md\/ro\/wp-json\/wp\/v2\/product_cat?post=46622"},{"taxonomy":"product_tag","embeddable":true,"href":"https:\/\/amaldis.md\/ro\/wp-json\/wp\/v2\/product_tag?post=46622"}],"curies":[{"name":"wp","href":"https:\/\/api.w.org\/{rel}","templated":true}]}}