{"id":46638,"date":"2026-04-11T13:43:58","date_gmt":"2026-04-11T10:43:58","guid":{"rendered":"https:\/\/amaldis.md\/product\/plasa-de-volei-fox-vb-0045-9-5x1-0m\/"},"modified":"2026-04-11T13:43:58","modified_gmt":"2026-04-11T10:43:58","slug":"plasa-de-volei-fox-vb-0045-9-5x1-0m","status":"publish","type":"product","link":"https:\/\/amaldis.md\/ro\/produs\/plasa-de-volei-fox-vb-0045-9-5x1-0m\/","title":{"rendered":"Plas\u0103 de volei FOX VB-0045 9,5&#215;1,0m"},"content":{"rendered":"<h3>Plas\u0103 de volei FOX VB-0045 9,5&#215;1,0m<\/h3>\n<div class=\"typo read-more\" data-read-more-btn-text=\"\u041f\u043e\u0434\u0440\u043e\u0431\u043d\u0435\u0435\">\n<div class=\"read-more__content\">\n<p>Descriere<br \/>\nFOX VB-0045 este o plas\u0103 de volei de \u00eenalt\u0103 calitate care combin\u0103 fiabilitatea, durabilitatea \u0219i rezisten\u021ba la o varietate de condi\u021bii. Plasa este construit\u0103 cu o \u021bes\u0103tur\u0103 \u00eennodat\u0103, oferind o rezisten\u021b\u0103 structural\u0103 sporit\u0103 \u0219i permi\u021b\u00e2ndu-i s\u0103 reziste la \u00eenc\u0103rc\u0103ri mari \u00een timpul jocurilor intense. \u021aes\u0103tura \u00eennodat\u0103 face ca plasa s\u0103 fie rezistent\u0103 la \u00eentindere, ceea ce este deosebit de important pentru men\u021binerea unei tensiuni adecvate \u00een timpul utiliz\u0103rii.  <\/p>\n<p>Plasa m\u0103soar\u0103 9,5 pe 1 metru, ceea ce \u00eendepline\u0219te parametrii standard pentru competi\u021biile de volei. Plasa este p\u0103trat\u0103, cu dimensiunile de 10 pe 10 cm, asigur\u00e2nd condi\u021bii optime de joc, \u00eempiedic\u00e2nd trecerea mingii prin fileu \u0219i promov\u00e2nd jocul curat \u0219i corect. Firul fileului are o grosime de 6 mm, asigur\u00e2nd o rezisten\u021b\u0103 \u0219i o durabilitate suficiente pentru meciuri repetate.  <\/p>\n<p>Unul dintre elementele cheie de design este cablul integrat, care fixeaz\u0103 \u00een siguran\u021b\u0103 fileul de st\u00e2lpi \u0219i asigur\u0103 o tensiune adecvat\u0103. Acest lucru este esen\u021bial pentru a asigura c\u0103 fileul r\u0103m\u00e2ne uniform \u0219i stabil \u00een timpul jocului, reduc\u00e2nd probabilitatea de l\u0103sare \u0219i sporind confortul \u00een timpul meciurilor. <\/p>\n<p>Aceast\u0103 plas\u0103 este recomandat\u0103 at\u00e2t pentru jocurile de amatori, c\u00e2t \u0219i pentru cele profesionale. Utilizarea corect\u0103 implic\u0103 instalarea ei pe st\u00e2lpi \u0219i apoi str\u00e2ngerea cablului pentru a men\u021bine forma \u0219i tensiunea ideale \u00een timpul jocului. <\/p>\n<p>Plasa este fabricat\u0103 din nailon, un material sintetic durabil \u0219i rezistent la uzur\u0103, rezistent la umiditate \u0219i razele ultraviolete.<\/p>\n<p>Scop<br \/>\nO fileu de volei este conceput pentru a \u00eemp\u0103r\u021bi terenul de joc \u00een dou\u0103 p\u0103r\u021bi egale, asigur\u00e2nd respectarea regulilor oficiale de volei. Este ideal pentru utilizare at\u00e2t \u00een \u200b\u200binterior (s\u0103li de sport), c\u00e2t \u0219i \u00een exterior (stadioane, terenuri de sport). <\/p>\n<p><strong>Avantaje:<\/strong><\/p>\n<ul>\n<li>Plasa este dotat\u0103 cu o geant\u0103 de transport convenabil\u0103, ceea ce o face u\u0219or de transportat \u0219i depozitat. Acest accesoriu v\u0103 permite s\u0103 transporta\u021bi cu u\u0219urin\u021b\u0103 plasa pe diferite terenuri \u0219i s\u0103 o p\u0103stra\u021bi \u00een stare perfect\u0103 \u00eentre meciuri. Geanta de transport compact\u0103 \u0219i convenabil\u0103 protejeaz\u0103, de asemenea, plasa de murd\u0103rie \u0219i deterior\u0103ri.  <\/li>\n<li>Este u\u0219or de cur\u0103\u021bat de murd\u0103rie, ceea ce v\u0103 permite s\u0103 \u00eel p\u0103stra\u021bi \u00een stare perfect\u0103.<\/li>\n<li>Materialul de plas\u0103 este ecologic.<\/li>\n<\/ul>\n<\/div>\n<\/div>\n<div class=\"specification\">\n<p class=\"specification__title\">Caracteristici<\/p>\n<div class=\"specification__item\">Tip de \u021bes\u0103tur\u0103: \u00cennodat\u0103<\/div>\n<div class=\"specification__item\">Forma celulei: p\u0103trat<\/div>\n<div class=\"specification__item\">Dimensiune: 9,5 x 1 m<\/div>\n<div class=\"specification__item\">Inclus: Greutate net\u0103: 1 buc.<br \/>\nGeant\u0103 de transport: 1 buc.<\/div>\n<div class=\"specification__item\">Dimensiunea celulei: 10&#215;10 cm<\/div>\n<div class=\"specification__item\">Grosime: 6 mm<\/div>\n<div class=\"specification__item\">Cablu: Cu cablu<\/div>\n<div class=\"specification__item\">Material: nailon<\/div>\n<\/div>\n","protected":false},"excerpt":{"rendered":"<h3>Plas\u0103 de volei FOX VB-0045 9,5&#215;1,0m<\/h3>\n","protected":false},"featured_media":46637,"comment_status":"open","ping_status":"closed","template":"","meta":{"_et_pb_use_builder":"","_et_pb_old_content":"","_et_gb_content_width":""},"product_brand":[1372],"product_cat":[1298,658],"product_tag":[1477,982,1481,887],"class_list":{"0":"post-46638","1":"product","2":"type-product","3":"status-publish","4":"has-post-thumbnail","6":"product_brand-zelart","7":"product_cat-handbal","8":"product_cat-volei","9":"product_tag-handbal","10":"product_tag-plasa","11":"product_tag-plasa-de-volei","12":"product_tag-volei","14":"first","15":"instock","16":"shipping-taxable","17":"purchasable","18":"product-type-simple"},"aioseo_notices":[],"_links":{"self":[{"href":"https:\/\/amaldis.md\/ro\/wp-json\/wp\/v2\/product\/46638","targetHints":{"allow":["GET"]}}],"collection":[{"href":"https:\/\/amaldis.md\/ro\/wp-json\/wp\/v2\/product"}],"about":[{"href":"https:\/\/amaldis.md\/ro\/wp-json\/wp\/v2\/types\/product"}],"replies":[{"embeddable":true,"href":"https:\/\/amaldis.md\/ro\/wp-json\/wp\/v2\/comments?post=46638"}],"wp:featuredmedia":[{"embeddable":true,"href":"https:\/\/amaldis.md\/ro\/wp-json\/wp\/v2\/media\/46637"}],"wp:attachment":[{"href":"https:\/\/amaldis.md\/ro\/wp-json\/wp\/v2\/media?parent=46638"}],"wp:term":[{"taxonomy":"product_brand","embeddable":true,"href":"https:\/\/amaldis.md\/ro\/wp-json\/wp\/v2\/product_brand?post=46638"},{"taxonomy":"product_cat","embeddable":true,"href":"https:\/\/amaldis.md\/ro\/wp-json\/wp\/v2\/product_cat?post=46638"},{"taxonomy":"product_tag","embeddable":true,"href":"https:\/\/amaldis.md\/ro\/wp-json\/wp\/v2\/product_tag?post=46638"}],"curies":[{"name":"wp","href":"https:\/\/api.w.org\/{rel}","templated":true}]}}