{"id":46716,"date":"2026-04-16T11:30:33","date_gmt":"2026-04-16T08:30:33","guid":{"rendered":"https:\/\/amaldis.md\/product\/manson-de-compresie-sport-3067-1-bucata\/"},"modified":"2026-04-16T11:30:33","modified_gmt":"2026-04-16T08:30:33","slug":"manson-de-compresie-sport-3067-1-bucata","status":"publish","type":"product","link":"https:\/\/amaldis.md\/ro\/produs\/manson-de-compresie-sport-3067-1-bucata\/","title":{"rendered":"Man\u0219on de compresie SPORT 3067 =1 bucat\u0103="},"content":{"rendered":"<h4>Man\u0219on de compresie SPORT 3067 =1 bucat\u0103=<\/h4>\n<p>Avantaje:<\/p>\n<p>Potrivit pentru jocuri, intrare de for\u021b\u0103 \u0219i alte sporturi.<br \/>\nC\u0103ptu\u0219eala din zona coatelor protejeaz\u0103 \u00eempotriva accident\u0103rilor \u00een caz de c\u0103dere.<br \/>\nDatorit\u0103 efectului de compresie asupra mu\u0219chilor, promoveaz\u0103 un antrenament mai intens.<\/p>\n<h5>Caracteristici<\/h5>\n<p>Con\u021binutul pachetului: 1 bucat\u0103<br \/>\nCompresie: efect de compresie<br \/>\nSporturi: Alergare, Baschet, Volei, Fotbal, Ciclism, Handbal, Rugby<br \/>\nProtec\u021bie: Inser\u021bie tip fagure de miere rezistent\u0103 la \u0219ocuri<br \/>\nScop: Compresie muscular\u0103, sus\u021binere \u00een timpul exerci\u021biilor fizice, termoreglare, protec\u021bie UV \u00een timpul sporturilor active<br \/>\nMaterial: poliester<br \/>\nMaterial de umplutur\u0103: Acetat de etilen vinil (EVA)<\/p>\n","protected":false},"excerpt":{"rendered":"<h3>Man\u0219on de compresie SPORT 3067 =1 bucat\u0103=<\/h3>\n","protected":false},"featured_media":46713,"comment_status":"open","ping_status":"closed","template":"","meta":{"_et_pb_use_builder":"","_et_pb_old_content":"","_et_gb_content_width":""},"product_brand":[],"product_cat":[1298,654,682,662,658],"product_tag":[835,857,1495,1335,887],"class_list":{"0":"post-46716","1":"product","2":"type-product","3":"status-publish","4":"has-post-thumbnail","6":"product_cat-handbal","7":"product_cat-baschet","8":"product_cat-fotbal","9":"product_cat-pentru-sala-de-sport","10":"product_cat-volei","11":"product_tag-baschet","12":"product_tag-fotbal","13":"product_tag-sala-de-gimnastica-ro","14":"product_tag-sport-ro","15":"product_tag-volei","17":"first","18":"instock","19":"shipping-taxable","20":"purchasable","21":"product-type-variable"},"aioseo_notices":[],"_links":{"self":[{"href":"https:\/\/amaldis.md\/ro\/wp-json\/wp\/v2\/product\/46716","targetHints":{"allow":["GET"]}}],"collection":[{"href":"https:\/\/amaldis.md\/ro\/wp-json\/wp\/v2\/product"}],"about":[{"href":"https:\/\/amaldis.md\/ro\/wp-json\/wp\/v2\/types\/product"}],"replies":[{"embeddable":true,"href":"https:\/\/amaldis.md\/ro\/wp-json\/wp\/v2\/comments?post=46716"}],"wp:featuredmedia":[{"embeddable":true,"href":"https:\/\/amaldis.md\/ro\/wp-json\/wp\/v2\/media\/46713"}],"wp:attachment":[{"href":"https:\/\/amaldis.md\/ro\/wp-json\/wp\/v2\/media?parent=46716"}],"wp:term":[{"taxonomy":"product_brand","embeddable":true,"href":"https:\/\/amaldis.md\/ro\/wp-json\/wp\/v2\/product_brand?post=46716"},{"taxonomy":"product_cat","embeddable":true,"href":"https:\/\/amaldis.md\/ro\/wp-json\/wp\/v2\/product_cat?post=46716"},{"taxonomy":"product_tag","embeddable":true,"href":"https:\/\/amaldis.md\/ro\/wp-json\/wp\/v2\/product_tag?post=46716"}],"curies":[{"name":"wp","href":"https:\/\/api.w.org\/{rel}","templated":true}]}}