{"id":46757,"date":"2026-04-16T13:41:11","date_gmt":"2026-04-16T10:41:11","guid":{"rendered":"https:\/\/amaldis.md\/product\/manson-de-compresie-kw-120-1-buc-l-albastru\/"},"modified":"2026-04-16T13:41:11","modified_gmt":"2026-04-16T10:41:11","slug":"manson-de-compresie-kw-120-1-buc-l-albastru","status":"publish","type":"product","link":"https:\/\/amaldis.md\/ro\/produs\/manson-de-compresie-kw-120-1-buc-l-albastru\/","title":{"rendered":"Man\u0219on de compresie KW-120 = 1 buc = L Albastru"},"content":{"rendered":"<h4>Man\u0219on de compresie KW-120 = 1 buc = L Albastru<\/h4>\n<p>Avantaje:<\/p>\n<p>Datorit\u0103 potrivirii str\u00e2nse pe piele, m\u00e2necile reduc micro-rupturile din fibrele musculare, ceea ce v\u0103 permite s\u0103 v\u0103 antrena\u021bi mai mult \u0219i mai intens.<br \/>\nEste foarte rezistent la uzur\u0103, \u00ee\u0219i p\u0103streaz\u0103 forma chiar \u0219i dup\u0103 utiliz\u0103ri repetate \u0219i este u\u0219or de sp\u0103lat.<br \/>\nNu provoac\u0103 irita\u021bii sau irita\u021bii.<br \/>\nDisponibil \u00een diferite m\u0103rimi, permi\u021b\u00e2ndu-v\u0103 s\u0103 o alege\u021bi pe cea mai confortabil\u0103.<br \/>\nCaracteristici<\/p>\n<p>Tip: Man\u0219oane de compresie<br \/>\nTip: Cot<br \/>\nPachet: 1 bucat\u0103<br \/>\nCompresie: Efect de compresie<br \/>\nSporturi: Alergare, Baschet, Volei, Fotbal, Ciclism, Handbal, Rugby<br \/>\nScop: Compresie muscular\u0103, sus\u021binere \u00een timpul exerci\u021biilor fizice, termoreglare, protec\u021bie UV \u00een timpul sporturilor active<br \/>\nMaterial: Nailon \/ Spandex<br \/>\nCompozi\u021bie material: Nailon 85%<br \/>\nSpandex 15%<\/p>\n","protected":false},"excerpt":{"rendered":"<h3>Man\u0219on de compresie KW-120 = 1 buc = L Albastru<\/h3>\n","protected":false},"featured_media":46756,"comment_status":"open","ping_status":"closed","template":"","meta":{"_et_pb_use_builder":"","_et_pb_old_content":"","_et_gb_content_width":""},"product_brand":[],"product_cat":[665,678,662],"product_tag":[886,826,1495,917],"class_list":{"0":"post-46757","1":"product","2":"type-product","3":"status-publish","4":"has-post-thumbnail","6":"product_cat-aparari","7":"product_cat-formare","8":"product_cat-pentru-sala-de-sport","9":"product_tag-cotiera","10":"product_tag-instruire","11":"product_tag-sala-de-gimnastica-ro","12":"product_tag-supramaneca","14":"first","15":"instock","16":"shipping-taxable","17":"purchasable","18":"product-type-simple"},"aioseo_notices":[],"_links":{"self":[{"href":"https:\/\/amaldis.md\/ro\/wp-json\/wp\/v2\/product\/46757","targetHints":{"allow":["GET"]}}],"collection":[{"href":"https:\/\/amaldis.md\/ro\/wp-json\/wp\/v2\/product"}],"about":[{"href":"https:\/\/amaldis.md\/ro\/wp-json\/wp\/v2\/types\/product"}],"replies":[{"embeddable":true,"href":"https:\/\/amaldis.md\/ro\/wp-json\/wp\/v2\/comments?post=46757"}],"wp:featuredmedia":[{"embeddable":true,"href":"https:\/\/amaldis.md\/ro\/wp-json\/wp\/v2\/media\/46756"}],"wp:attachment":[{"href":"https:\/\/amaldis.md\/ro\/wp-json\/wp\/v2\/media?parent=46757"}],"wp:term":[{"taxonomy":"product_brand","embeddable":true,"href":"https:\/\/amaldis.md\/ro\/wp-json\/wp\/v2\/product_brand?post=46757"},{"taxonomy":"product_cat","embeddable":true,"href":"https:\/\/amaldis.md\/ro\/wp-json\/wp\/v2\/product_cat?post=46757"},{"taxonomy":"product_tag","embeddable":true,"href":"https:\/\/amaldis.md\/ro\/wp-json\/wp\/v2\/product_tag?post=46757"}],"curies":[{"name":"wp","href":"https:\/\/api.w.org\/{rel}","templated":true}]}}