{"id":46767,"date":"2026-04-16T13:55:23","date_gmt":"2026-04-16T10:55:23","guid":{"rendered":"https:\/\/amaldis.md\/product\/protectie-cotiera-mute-9030-elastica-1-buc\/"},"modified":"2026-04-16T13:55:23","modified_gmt":"2026-04-16T10:55:23","slug":"protectie-cotiera-mute-9030-elastica-1-buc","status":"publish","type":"product","link":"https:\/\/amaldis.md\/ro\/produs\/protectie-cotiera-mute-9030-elastica-1-buc\/","title":{"rendered":"Protec\u021bie cotier\u0103 MUTE 9030 elastic\u0103 =1 buc.="},"content":{"rendered":"<h4>Protec\u021bie cotier\u0103 MUTE 9030 elastic\u0103 =1 buc.=<\/h4>\n<p>MUTE 9030 este solu\u021bia perfect\u0103 dac\u0103 ave\u021bi nevoie de un suport eficient pentru cot, f\u0103r\u0103 a fi voluminos sau disconfort inutil. Materialele bine g\u00e2ndite, forma anatomic\u0103 \u0219i compresia \u00eembun\u0103t\u0103\u021bit\u0103 fac din aceast\u0103 cotier\u0103 partenerul ideal pentru antrenament, recuperare \u0219i activit\u0103\u021bi de zi cu zi. Este perfect\u0103 pentru cei care \u00ee\u0219i doresc protec\u021bie \u0219i eficien\u021b\u0103 &#8211; toate \u00eentr-o singur\u0103 potrivire flexibil\u0103.  <\/p>\n<p>Caracteristici<\/p>\n<p>Tip: Orteze sport<br \/>\nTip: Cot<br \/>\nPachet: 1 bucat\u0103<br \/>\nScop: Fixare, Compresie, Sport<br \/>\nMaterial: Poliester \/ Nailon<br \/>\nCompozi\u021bie material: Poliester<br \/>\nNailon<\/p>\n","protected":false},"excerpt":{"rendered":"<h3>Protec\u021bie cotier\u0103 MUTE 9030 elastic\u0103 =1 buc.=<\/h3>\n","protected":false},"featured_media":46766,"comment_status":"open","ping_status":"closed","template":"","meta":{"_et_pb_use_builder":"","_et_pb_old_content":"","_et_gb_content_width":""},"product_brand":[],"product_cat":[678,662,667],"product_tag":[836,886,1495,917],"class_list":{"0":"post-46767","1":"product","2":"type-product","3":"status-publish","4":"has-post-thumbnail","6":"product_cat-formare","7":"product_cat-pentru-sala-de-sport","8":"product_cat-sustinatori","9":"product_tag-comprimare","10":"product_tag-cotiera","11":"product_tag-sala-de-gimnastica-ro","12":"product_tag-supramaneca","14":"first","15":"instock","16":"shipping-taxable","17":"purchasable","18":"product-type-simple"},"aioseo_notices":[],"_links":{"self":[{"href":"https:\/\/amaldis.md\/ro\/wp-json\/wp\/v2\/product\/46767","targetHints":{"allow":["GET"]}}],"collection":[{"href":"https:\/\/amaldis.md\/ro\/wp-json\/wp\/v2\/product"}],"about":[{"href":"https:\/\/amaldis.md\/ro\/wp-json\/wp\/v2\/types\/product"}],"replies":[{"embeddable":true,"href":"https:\/\/amaldis.md\/ro\/wp-json\/wp\/v2\/comments?post=46767"}],"wp:featuredmedia":[{"embeddable":true,"href":"https:\/\/amaldis.md\/ro\/wp-json\/wp\/v2\/media\/46766"}],"wp:attachment":[{"href":"https:\/\/amaldis.md\/ro\/wp-json\/wp\/v2\/media?parent=46767"}],"wp:term":[{"taxonomy":"product_brand","embeddable":true,"href":"https:\/\/amaldis.md\/ro\/wp-json\/wp\/v2\/product_brand?post=46767"},{"taxonomy":"product_cat","embeddable":true,"href":"https:\/\/amaldis.md\/ro\/wp-json\/wp\/v2\/product_cat?post=46767"},{"taxonomy":"product_tag","embeddable":true,"href":"https:\/\/amaldis.md\/ro\/wp-json\/wp\/v2\/product_tag?post=46767"}],"curies":[{"name":"wp","href":"https:\/\/api.w.org\/{rel}","templated":true}]}}