{"id":46797,"date":"2026-04-18T11:32:00","date_gmt":"2026-04-18T08:32:00","guid":{"rendered":"https:\/\/amaldis.md\/product\/genunchiere-exceede-719-1\/"},"modified":"2026-04-18T11:32:00","modified_gmt":"2026-04-18T08:32:00","slug":"genunchiere-exceede-719-1","status":"publish","type":"product","link":"https:\/\/amaldis.md\/ro\/produs\/genunchiere-exceede-719-1\/","title":{"rendered":"Genunchiere EXCEEDE 719 =1="},"content":{"rendered":"<h4>Genunchiere EXCEEDE 719 =1=<\/h4>\n<p>Avantaje:<\/p>\n<p>Protejeaz\u0103 \u0219i sus\u021bine eficient articula\u021bia genunchiului \u00een timpul activit\u0103\u021bii fizice.<br \/>\nReduce durerea, inflama\u021bia \u0219i umflarea.<br \/>\n\u00cembun\u0103t\u0103\u021be\u0219te circula\u021bia s\u00e2ngelui \u00een zona genunchiului.<br \/>\nFabricat din materiale durabile \u0219i rezistente la uzur\u0103.<br \/>\nReglabil \u00een m\u0103rime.<br \/>\nUsor de folosit.<br \/>\nCaracteristici<\/p>\n<p>Tip: Orteze sport<br \/>\nTip: Genunchi<br \/>\nCon\u021binut pachet: 1 bucat\u0103<br \/>\nAjustare fixare: Curea<br \/>\nGrup\u0103 de v\u00e2rst\u0103: Adul\u021bi<br \/>\nScop: Fixare, Compresie, Cu curea<br \/>\nMaterial: Poliester \/ Nylon \/ Spandex<br \/>\nCompozi\u021bie material: Poliester<br \/>\nNylon<br \/>\nSpandex<\/p>\n","protected":false},"excerpt":{"rendered":"<h3>Genunchiere EXCEEDE 719 =1=<\/h3>\n","protected":false},"featured_media":46796,"comment_status":"open","ping_status":"closed","template":"","meta":{"_et_pb_use_builder":"","_et_pb_old_content":"","_et_gb_content_width":""},"product_brand":[],"product_cat":[665,663,662],"product_tag":[837,1498,1323],"class_list":{"0":"post-46797","1":"product","2":"type-product","3":"status-publish","4":"has-post-thumbnail","6":"product_cat-aparari","7":"product_cat-arte-martiale","8":"product_cat-pentru-sala-de-sport","9":"product_tag-aparatoare-de-genunchi","10":"product_tag-genunchi-de-compresie","11":"product_tag-sala","13":"first","14":"instock","15":"shipping-taxable","16":"purchasable","17":"product-type-variable"},"aioseo_notices":[],"_links":{"self":[{"href":"https:\/\/amaldis.md\/ro\/wp-json\/wp\/v2\/product\/46797","targetHints":{"allow":["GET"]}}],"collection":[{"href":"https:\/\/amaldis.md\/ro\/wp-json\/wp\/v2\/product"}],"about":[{"href":"https:\/\/amaldis.md\/ro\/wp-json\/wp\/v2\/types\/product"}],"replies":[{"embeddable":true,"href":"https:\/\/amaldis.md\/ro\/wp-json\/wp\/v2\/comments?post=46797"}],"wp:featuredmedia":[{"embeddable":true,"href":"https:\/\/amaldis.md\/ro\/wp-json\/wp\/v2\/media\/46796"}],"wp:attachment":[{"href":"https:\/\/amaldis.md\/ro\/wp-json\/wp\/v2\/media?parent=46797"}],"wp:term":[{"taxonomy":"product_brand","embeddable":true,"href":"https:\/\/amaldis.md\/ro\/wp-json\/wp\/v2\/product_brand?post=46797"},{"taxonomy":"product_cat","embeddable":true,"href":"https:\/\/amaldis.md\/ro\/wp-json\/wp\/v2\/product_cat?post=46797"},{"taxonomy":"product_tag","embeddable":true,"href":"https:\/\/amaldis.md\/ro\/wp-json\/wp\/v2\/product_tag?post=46797"}],"curies":[{"name":"wp","href":"https:\/\/api.w.org\/{rel}","templated":true}]}}