{"id":46815,"date":"2026-04-18T12:28:17","date_gmt":"2026-04-18T09:28:17","guid":{"rendered":"https:\/\/amaldis.md\/product\/genunchiere-sibote-960-l-xl-1\/"},"modified":"2026-04-18T12:28:17","modified_gmt":"2026-04-18T09:28:17","slug":"genunchiere-sibote-960-l-xl-1","status":"publish","type":"product","link":"https:\/\/amaldis.md\/ro\/produs\/genunchiere-sibote-960-l-xl-1\/","title":{"rendered":"Genunchiere SIBOTE 960 L &#8211; XL =1="},"content":{"rendered":"<h4>Genunchiere SIBOTE 960 L &#8211; XL =1=<\/h4>\n<p>Avantaje:<\/p>\n<p>Fixare fiabil\u0103 a articula\u021biei.<br \/>\nPotrivire confortabil\u0103.<br \/>\nReducerea durerii.<br \/>\nAccelerarea recuper\u0103rii dup\u0103 accident\u0103ri.<\/p>\n<h5>\nCaracteristici<\/h5>\n<p>Tip: genunchi<br \/>\nCon\u021binutul pachetului: 1 bucat\u0103<br \/>\nReglarea fix\u0103rii: Curea de fixare<br \/>\nGrup\u0103 de v\u00e2rst\u0103: Pentru adul\u021bi<br \/>\nScop: Fixare, Tragere, Cu o curea de fixare<br \/>\nMaterial: Poliester \/ Spandex \/ Latex<br \/>\nCompozi\u021bia \u021bes\u0103turii: poliester<br \/>\nSpandex<br \/>\nLatex<\/p>\n","protected":false},"excerpt":{"rendered":"<h3>Genunchiere SIBOTE 960 L &#8211; XL =1=<\/h3>\n","protected":false},"featured_media":46814,"comment_status":"open","ping_status":"closed","template":"","meta":{"_et_pb_use_builder":"","_et_pb_old_content":"","_et_gb_content_width":""},"product_brand":[],"product_cat":[665,663,678,662],"product_tag":[837,1501],"class_list":{"0":"post-46815","1":"product","2":"type-product","3":"status-publish","4":"has-post-thumbnail","6":"product_cat-aparari","7":"product_cat-arte-martiale","8":"product_cat-formare","9":"product_cat-pentru-sala-de-sport","10":"product_tag-aparatoare-de-genunchi","11":"product_tag-nakolenniki-kompressionnye-ro","13":"first","14":"instock","15":"shipping-taxable","16":"purchasable","17":"product-type-simple"},"aioseo_notices":[],"_links":{"self":[{"href":"https:\/\/amaldis.md\/ro\/wp-json\/wp\/v2\/product\/46815","targetHints":{"allow":["GET"]}}],"collection":[{"href":"https:\/\/amaldis.md\/ro\/wp-json\/wp\/v2\/product"}],"about":[{"href":"https:\/\/amaldis.md\/ro\/wp-json\/wp\/v2\/types\/product"}],"replies":[{"embeddable":true,"href":"https:\/\/amaldis.md\/ro\/wp-json\/wp\/v2\/comments?post=46815"}],"wp:featuredmedia":[{"embeddable":true,"href":"https:\/\/amaldis.md\/ro\/wp-json\/wp\/v2\/media\/46814"}],"wp:attachment":[{"href":"https:\/\/amaldis.md\/ro\/wp-json\/wp\/v2\/media?parent=46815"}],"wp:term":[{"taxonomy":"product_brand","embeddable":true,"href":"https:\/\/amaldis.md\/ro\/wp-json\/wp\/v2\/product_brand?post=46815"},{"taxonomy":"product_cat","embeddable":true,"href":"https:\/\/amaldis.md\/ro\/wp-json\/wp\/v2\/product_cat?post=46815"},{"taxonomy":"product_tag","embeddable":true,"href":"https:\/\/amaldis.md\/ro\/wp-json\/wp\/v2\/product_tag?post=46815"}],"curies":[{"name":"wp","href":"https:\/\/api.w.org\/{rel}","templated":true}]}}